{"id":115,"date":"2023-11-11T19:05:36","date_gmt":"2023-11-11T19:05:36","guid":{"rendered":"https:\/\/rosarioyoracion.com\/?page_id=115"},"modified":"2025-02-10T09:46:38","modified_gmt":"2025-02-10T09:46:38","slug":"iglesia","status":"publish","type":"page","link":"https:\/\/rosarioyoracion.com\/?page_id=115","title":{"rendered":"Capilla"},"content":{"rendered":"\t\t<div data-elementor-type=\"wp-page\" data-elementor-id=\"115\" class=\"elementor elementor-115\" data-elementor-post-type=\"page\">\n\t\t\t\t<div class=\"elementor-element elementor-element-5a4d584 e-flex e-con-boxed e-con e-parent\" data-id=\"5a4d584\" data-element_type=\"container\" data-e-type=\"container\">\n\t\t\t\t\t<div class=\"e-con-inner\">\n\t\t<div class=\"elementor-element elementor-element-593a824 e-con-full e-flex e-con e-child\" data-id=\"593a824\" data-element_type=\"container\" data-e-type=\"container\">\n\t\t\t\t<div class=\"elementor-element elementor-element-013e867 elementor-widget elementor-widget-image\" data-id=\"013e867\" data-element_type=\"widget\" data-e-type=\"widget\" data-widget_type=\"image.default\">\n\t\t\t\t<div class=\"elementor-widget-container\">\n\t\t\t\t\t\t\t\t\t\t\t\t\t\t\t<img fetchpriority=\"high\" decoding=\"async\" width=\"800\" height=\"800\" src=\"https:\/\/rosarioyoracion.com\/wp-content\/uploads\/2025\/02\/2-1024x1024.png\" class=\"attachment-large size-large wp-image-1478\" alt=\"\" srcset=\"https:\/\/rosarioyoracion.com\/wp-content\/uploads\/2025\/02\/2-1024x1024.png 1024w, https:\/\/rosarioyoracion.com\/wp-content\/uploads\/2025\/02\/2-300x300.png 300w, https:\/\/rosarioyoracion.com\/wp-content\/uploads\/2025\/02\/2-150x150.png 150w, https:\/\/rosarioyoracion.com\/wp-content\/uploads\/2025\/02\/2-768x768.png 768w, https:\/\/rosarioyoracion.com\/wp-content\/uploads\/2025\/02\/2.png 1080w\" sizes=\"(max-width: 800px) 100vw, 800px\" \/>\t\t\t\t\t\t\t\t\t\t\t\t\t\t\t<\/div>\n\t\t\t\t<\/div>\n\t\t\t\t<\/div>\n\t\t<div class=\"elementor-element elementor-element-c8147f1 e-con-full e-flex e-con e-child\" data-id=\"c8147f1\" data-element_type=\"container\" data-e-type=\"container\">\n\t\t\t\t<div class=\"elementor-element elementor-element-5b71c11 elementor-widget elementor-widget-image\" data-id=\"5b71c11\" data-element_type=\"widget\" data-e-type=\"widget\" data-widget_type=\"image.default\">\n\t\t\t\t<div class=\"elementor-widget-container\">\n\t\t\t\t\t\t\t\t\t\t\t\t\t\t\t<img decoding=\"async\" width=\"800\" height=\"800\" src=\"https:\/\/rosarioyoracion.com\/wp-content\/uploads\/2025\/02\/1-1024x1024.png\" class=\"attachment-large size-large wp-image-1477\" alt=\"\" srcset=\"https:\/\/rosarioyoracion.com\/wp-content\/uploads\/2025\/02\/1-1024x1024.png 1024w, https:\/\/rosarioyoracion.com\/wp-content\/uploads\/2025\/02\/1-300x300.png 300w, https:\/\/rosarioyoracion.com\/wp-content\/uploads\/2025\/02\/1-150x150.png 150w, https:\/\/rosarioyoracion.com\/wp-content\/uploads\/2025\/02\/1-768x768.png 768w, https:\/\/rosarioyoracion.com\/wp-content\/uploads\/2025\/02\/1.png 1080w\" sizes=\"(max-width: 800px) 100vw, 800px\" \/>\t\t\t\t\t\t\t\t\t\t\t\t\t\t\t<\/div>\n\t\t\t\t<\/div>\n\t\t\t\t<\/div>\n\t\t<div class=\"elementor-element elementor-element-4cae672 e-con-full e-flex e-con e-child\" data-id=\"4cae672\" data-element_type=\"container\" data-e-type=\"container\">\n\t\t\t\t<div class=\"elementor-element elementor-element-4eea921 elementor-widget elementor-widget-text-editor\" data-id=\"4eea921\" data-element_type=\"widget\" data-e-type=\"widget\" data-widget_type=\"text-editor.default\">\n\t\t\t\t<div class=\"elementor-widget-container\">\n\t\t\t\t\t\t\t\t\t<p><strong><u>Horario de apertura<\/u><\/strong><\/p><ul><li>De lunes a viernes de 8:15 h. a 11:00 h. salvo los d\u00edas que hay eucarist\u00eda que se cerrar\u00e1 al finalizar la misma.<\/li><\/ul><ul><li>Festivos de 10:00 a 12:00 h.<\/li><li>No lectivos 9:00 a 11:00 h.<\/li><li>S\u00e1bado de 10:00 h. a 12:00 h.<\/li><li>Domingo de 9:30 h. a 13:00 h.<\/li><\/ul><p><strong><u>Eucarist\u00edas<\/u><\/strong><\/p><ul><li>Lunes y Jueves a las 11:00 h. (D\u00edas Lectivos)<\/li><li>Domingo: 10:30 y 12:00 h.<\/li><\/ul><p><strong><u>Cada 24 Conmemoraci\u00f3n de Mar\u00eda Auxiliadora<\/u><\/strong><\/p><p>18:45 horas. Rezo del Santo Rosario<br \/>19:00 horas. Eucarist\u00eda<\/p><p><strong><u>Cada 7 Eucarist\u00eda mensual de Hermandad<\/u><\/strong><\/p><p>20:15 horas. Rezo del Santo Rosario<br \/>20:30 horas. Eucarist\u00eda<\/p>\t\t\t\t\t\t\t\t<\/div>\n\t\t\t\t<\/div>\n\t\t\t\t<\/div>\n\t\t\t\t\t<\/div>\n\t\t\t\t<\/div>\n\t\t\t\t<\/div>\n\t\t","protected":false},"excerpt":{"rendered":"<p>Horario de apertura De lunes a viernes de 8:15 h. a 11:00 h. salvo los d\u00edas que hay eucarist\u00eda que se cerrar\u00e1 al finalizar la misma. Festivos de 10:00 a 12:00 h. No lectivos 9:00 a 11:00 h. S\u00e1bado de 10:00 h. a 12:00 h. Domingo de 9:30 h. a 13:00 h. Eucarist\u00edas Lunes y [&hellip;]<\/p>\n","protected":false},"author":1,"featured_media":0,"parent":0,"menu_order":0,"comment_status":"closed","ping_status":"closed","template":"","meta":{"_monsterinsights_skip_tracking":false,"_monsterinsights_sitenote_active":false,"_monsterinsights_sitenote_note":"","_monsterinsights_sitenote_category":0,"footnotes":""},"class_list":["post-115","page","type-page","status-publish","hentry"],"jetpack_sharing_enabled":true,"_links":{"self":[{"href":"https:\/\/rosarioyoracion.com\/index.php?rest_route=\/wp\/v2\/pages\/115","targetHints":{"allow":["GET"]}}],"collection":[{"href":"https:\/\/rosarioyoracion.com\/index.php?rest_route=\/wp\/v2\/pages"}],"about":[{"href":"https:\/\/rosarioyoracion.com\/index.php?rest_route=\/wp\/v2\/types\/page"}],"author":[{"embeddable":true,"href":"https:\/\/rosarioyoracion.com\/index.php?rest_route=\/wp\/v2\/users\/1"}],"replies":[{"embeddable":true,"href":"https:\/\/rosarioyoracion.com\/index.php?rest_route=%2Fwp%2Fv2%2Fcomments&post=115"}],"version-history":[{"count":10,"href":"https:\/\/rosarioyoracion.com\/index.php?rest_route=\/wp\/v2\/pages\/115\/revisions"}],"predecessor-version":[{"id":1481,"href":"https:\/\/rosarioyoracion.com\/index.php?rest_route=\/wp\/v2\/pages\/115\/revisions\/1481"}],"wp:attachment":[{"href":"https:\/\/rosarioyoracion.com\/index.php?rest_route=%2Fwp%2Fv2%2Fmedia&parent=115"}],"curies":[{"name":"wp","href":"https:\/\/api.w.org\/{rel}","templated":true}]}}