{"id":676,"date":"2023-11-28T11:29:49","date_gmt":"2023-11-28T11:29:49","guid":{"rendered":"https:\/\/rosarioyoracion.com\/?page_id=676"},"modified":"2023-12-16T10:57:02","modified_gmt":"2023-12-16T10:57:02","slug":"politica-de-privacidad","status":"publish","type":"page","link":"https:\/\/rosarioyoracion.com\/?page_id=676","title":{"rendered":"Pol\u00edtica de privacidad"},"content":{"rendered":"\t\t<div data-elementor-type=\"wp-page\" data-elementor-id=\"676\" class=\"elementor elementor-676\" data-elementor-post-type=\"page\">\n\t\t\t\t<div class=\"elementor-element elementor-element-839ce55 e-flex e-con-boxed e-con e-parent\" data-id=\"839ce55\" data-element_type=\"container\" data-e-type=\"container\">\n\t\t\t\t\t<div class=\"e-con-inner\">\n\t\t\t\t<div class=\"elementor-element elementor-element-9d1646d elementor-widget elementor-widget-text-editor\" data-id=\"9d1646d\" data-element_type=\"widget\" data-e-type=\"widget\" data-widget_type=\"text-editor.default\">\n\t\t\t\t<div class=\"elementor-widget-container\">\n\t\t\t\t\t\t\t\t\t<p><strong>1. INFORMACI\u00d3N AL USUARIO<\/strong><\/p><p><strong>Responsable del Tratamiento:<\/strong><br \/>\u00a0Hermandad de la Oraci\u00f3n en el Huerto es el RESPONSABLE del tratamiento de los datos personales del USUARIO, de acuerdo con el Reglamento (UE) 2016\/679 (GDPR) y la Ley Org\u00e1nica 3\/2018 (LOPDGDD).<\/p><p><strong>Finalidades del Tratamiento:<\/strong><br \/>Seg\u00fan el formulario donde se obtengan los datos, se tratar\u00e1n de manera confidencial con las siguientes finalidades:<\/p><p><strong>&#8211; Formulario de Contacto:<\/strong><br \/>&#8211; Responder a consultas o peticiones del usuario.<br \/>&#8211; Realizar an\u00e1lisis estad\u00edsticos y estudios de mercado.<\/p><p><strong>&#8211; Formulario de Registro de Usuario:<\/strong><br \/>&#8211; Gestionar la cuenta del usuario para proporcionar acceso personalizado.<\/p><p><strong>&#8211; Formulario de Newsletter:<\/strong><br \/>&#8211; Enviar boletines informativos, novedades, ofertas y promociones online.<\/p><p><strong>&#8211; Formulario E-commerce:<\/strong><br \/>&#8211; Gestionar compras online y procesar pagos.<\/p><p><strong>Plazo de Conservaci\u00f3n:<\/strong><br \/>Los datos se conservar\u00e1n el tiempo necesario y se eliminar\u00e1n seg\u00fan las prescripciones legales y medidas de seguridad aplicables.<\/p><p><strong>Comunicaci\u00f3n de Datos:<\/strong><br \/>No se prev\u00e9 la comunicaci\u00f3n de datos personales a terceros, salvo a proveedores de servicios con los que se tengan contratos de confidencialidad y encargados de tratamiento.<\/p><p><strong>Derechos del Usuario:<\/strong><br \/>El USUARIO tiene derecho a retirar el consentimiento, acceder, rectificar, portar, suprimir, limitar u oponerse al tratamiento. Puede presentar una reclamaci\u00f3n ante la autoridad de control ([Sitio web de la autoridad de control]).<\/p><p><strong>Datos de Contacto para Ejercer Derechos:<\/strong><br \/>\u00a0Hermandad de la Oraci\u00f3n en el Huerto. Callejuela del Carmen n\u00ba 7, Alcal\u00e1 de Guada\u00edra (Sevilla) C.P. 41500. E-mail: hermandad.rosarioalcala@gmail.com<\/p><p><strong>Delegado de Protecci\u00f3n de Datos:<\/strong><br \/>Junta de Gobierno de la Hermandad. Callejuela del Carmen n\u00ba 7, Alcal\u00e1 de Guada\u00edra (Sevilla) C.P. 41500. E-mail: hermandad.rosarioalcala@gmail.com<\/p><p><strong>2. CAR\u00c1CTER OBLIGATORIO O FACULTATIVO DE LA INFORMACI\u00d3N FACILITADA<\/strong><\/p><p>Los USUARIOS, mediante la marcaci\u00f3n de casillas y la entrada de datos se\u00f1alados como obligatorios, aceptan que sus datos son necesarios para atender su petici\u00f3n, siendo voluntaria la inclusi\u00f3n en campos restantes. El USUARIO garantiza la veracidad de los datos y se hace responsable de comunicar modificaciones.<\/p><p>El RESPONSABLE informa que todos los datos solicitados son obligatorios para un servicio \u00f3ptimo. La falta de datos puede afectar la prestaci\u00f3n del servicio.<\/p><p><strong>3. MEDIDAS DE SEGURIDAD<\/strong><\/p><p>De acuerdo con las normativas de protecci\u00f3n de datos, el RESPONSABLE cumple con disposiciones del GDPR y la LOPDGDD, aplicando medidas t\u00e9cnicas y organizativas para garantizar la seguridad de los datos.<\/p><p>Para m\u00e1s informaci\u00f3n sobre privacidad, contactar con Hermandad de la Oraci\u00f3n en el Huerto.Junta de Gobierno de la Hermandad. Callejuela del Carmen n\u00ba 7, Alcal\u00e1 de Guada\u00edra (Sevilla) C.P. 41500. E-mail: hermandad.rosarioalcala@gmail.com<\/p>\t\t\t\t\t\t\t\t<\/div>\n\t\t\t\t<\/div>\n\t\t\t\t\t<\/div>\n\t\t\t\t<\/div>\n\t\t\t\t<\/div>\n\t\t","protected":false},"excerpt":{"rendered":"<p>1. INFORMACI\u00d3N AL USUARIO Responsable del Tratamiento:\u00a0Hermandad de la Oraci\u00f3n en el Huerto es el RESPONSABLE del tratamiento de los datos personales del USUARIO, de acuerdo con el Reglamento (UE) 2016\/679 (GDPR) y la Ley Org\u00e1nica 3\/2018 (LOPDGDD). Finalidades del Tratamiento:Seg\u00fan el formulario donde se obtengan los datos, se tratar\u00e1n de manera confidencial con las [&hellip;]<\/p>\n","protected":false},"author":1,"featured_media":0,"parent":0,"menu_order":0,"comment_status":"closed","ping_status":"closed","template":"","meta":{"_monsterinsights_skip_tracking":false,"_monsterinsights_sitenote_active":false,"_monsterinsights_sitenote_note":"","_monsterinsights_sitenote_category":0,"footnotes":""},"class_list":["post-676","page","type-page","status-publish","hentry"],"jetpack_sharing_enabled":true,"_links":{"self":[{"href":"https:\/\/rosarioyoracion.com\/index.php?rest_route=\/wp\/v2\/pages\/676","targetHints":{"allow":["GET"]}}],"collection":[{"href":"https:\/\/rosarioyoracion.com\/index.php?rest_route=\/wp\/v2\/pages"}],"about":[{"href":"https:\/\/rosarioyoracion.com\/index.php?rest_route=\/wp\/v2\/types\/page"}],"author":[{"embeddable":true,"href":"https:\/\/rosarioyoracion.com\/index.php?rest_route=\/wp\/v2\/users\/1"}],"replies":[{"embeddable":true,"href":"https:\/\/rosarioyoracion.com\/index.php?rest_route=%2Fwp%2Fv2%2Fcomments&post=676"}],"version-history":[{"count":4,"href":"https:\/\/rosarioyoracion.com\/index.php?rest_route=\/wp\/v2\/pages\/676\/revisions"}],"predecessor-version":[{"id":953,"href":"https:\/\/rosarioyoracion.com\/index.php?rest_route=\/wp\/v2\/pages\/676\/revisions\/953"}],"wp:attachment":[{"href":"https:\/\/rosarioyoracion.com\/index.php?rest_route=%2Fwp%2Fv2%2Fmedia&parent=676"}],"curies":[{"name":"wp","href":"https:\/\/api.w.org\/{rel}","templated":true}]}}