{"id":678,"date":"2023-11-28T11:30:22","date_gmt":"2023-11-28T11:30:22","guid":{"rendered":"https:\/\/rosarioyoracion.com\/?page_id=678"},"modified":"2023-12-16T10:48:40","modified_gmt":"2023-12-16T10:48:40","slug":"aviso-legal","status":"publish","type":"page","link":"https:\/\/rosarioyoracion.com\/?page_id=678","title":{"rendered":"Aviso Legal"},"content":{"rendered":"\t\t<div data-elementor-type=\"wp-page\" data-elementor-id=\"678\" class=\"elementor elementor-678\" data-elementor-post-type=\"page\">\n\t\t\t\t<div class=\"elementor-element elementor-element-a69dc25 e-con-full e-flex e-con e-parent\" data-id=\"a69dc25\" data-element_type=\"container\" data-e-type=\"container\">\n\t\t\t\t<div class=\"elementor-element elementor-element-2042299 elementor-widget elementor-widget-text-editor\" data-id=\"2042299\" data-element_type=\"widget\" data-e-type=\"widget\" data-widget_type=\"text-editor.default\">\n\t\t\t\t<div class=\"elementor-widget-container\">\n\t\t\t\t\t\t\t\t\t<p><strong>LEY DE LOS SERVICIOS DE LA SOCIEDAD DE LA INFORMACI\u00d3N (LSSI)<\/strong><\/p><p><br \/>La entidad responsable de este sitio web, en adelante RESPONSABLE, pone a disposici\u00f3n de los usuarios el presente aviso legal con el objetivo de cumplir con las obligaciones establecidas en la Ley 34\/2002, de 11 de julio, de Servicios de la Sociedad de la Informaci\u00f3n y de Comercio Electr\u00f3nico (LSSICE), BOE N.\u00ba 166. Asimismo, se informa a los usuarios del sitio web acerca de las condiciones de uso del mismo.<\/p><p>Todo usuario que acceda a este sitio web asume el papel de usuario, comprometi\u00e9ndose a cumplir rigurosamente con las disposiciones aqu\u00ed establecidas, as\u00ed como con cualquier otra disposici\u00f3n legal aplicable.<\/p><p>El RESPONSABLE se reserva el derecho de modificar cualquier informaci\u00f3n presente en el sitio web, sin necesidad de previo aviso a los usuarios. La publicaci\u00f3n en el sitio web se considera suficiente notificaci\u00f3n.<\/p><p>\u00a0<\/p><h4>DATOS IDENTIFICATIVOS<\/h4><p>Nombre de dominio: <a href=\"https:\/\/rosarioyoracion.com\/\">https:\/\/rosarioyoracion.com\/<\/a><\/p><p>Nombre comercial: <strong>\u00a0Hermandad de la Oraci\u00f3n en el Huerto<\/strong><\/p><p>Denominaci\u00f3n social: <strong>Real, Fervorosa, Ilustre y Salesiana Hermandad y Cofrad\u00eda de Nazarenos de Ntro. Padre Jes\u00fas de la Oraci\u00f3n en el Huerto, Mar\u00eda Sant\u00edsima del Rosario en sus Misterios Dolorosos y San Juan Bosco.<\/strong><\/p><p>CIF:<strong> R4100918D<\/strong><\/p><p>Domicilio social: <strong>Callejuela del Carmen n\u00ba 7, Alcal\u00e1 de Guada\u00edra (Sevilla) C.P. 41500<\/strong><\/p><p>Tel\u00e9fono: <strong>681 05 01 77<\/strong><\/p><p>E-mail: <strong>hermandad.rosarioalcala@gmail.com<\/strong><\/p><p>\u00a0<\/p><h5>DERECHOS DE PROPIEDAD INTELECTUAL E INDUSTRIAL<\/h5><p>\u00a0<\/p><p>El contenido del sitio web, incluyendo programaci\u00f3n, dise\u00f1o, logotipos, texto y\/o gr\u00e1ficos, es propiedad del RESPONSABLE o cuenta con licencia o autorizaci\u00f3n expresa de los autores. Todos los contenidos est\u00e1n protegidos por la normativa de propiedad intelectual e industrial, y est\u00e1n debidamente inscritos en los registros p\u00fablicos correspondientes.<\/p><p>Cualquier reproducci\u00f3n, uso, explotaci\u00f3n, distribuci\u00f3n o comercializaci\u00f3n de los contenidos requiere autorizaci\u00f3n escrita previa por parte del RESPONSABLE. La reproducci\u00f3n no autorizada constituye una violaci\u00f3n de los derechos de propiedad intelectual e industrial.<\/p><p>Los contenidos de terceros presentes en el sitio web est\u00e1n protegidos por los derechos de propiedad intelectual e industrial de sus respectivos propietarios.<\/p><p>Para informar sobre posibles infracciones de propiedad intelectual o industrial, se puede contactar a trav\u00e9s de proteccion.datos@rosarioyoracion.com<\/p><p>\u00a0<\/p><h5>EXENCI\u00d3N DE RESPONSABILIDADES<\/h5><p><br \/>El RESPONSABLE no asume responsabilidad por informaci\u00f3n publicada en el sitio web, a menos que tenga conocimiento efectivo de manipulaci\u00f3n por terceros. Se exime de responsabilidad en caso de fuerza mayor u otras circunstancias que impidan el acceso al sitio.<\/p><p>\u00a0<\/p><h5>Uso de Cookies<\/h5><p>Este sitio web puede utilizar cookies para funciones esenciales y mejorar la experiencia de navegaci\u00f3n. Las cookies utilizadas son temporales y no recopilan datos personales sin consentimiento. El usuario puede configurar su navegador para recibir alertas sobre cookies y bloquear su instalaci\u00f3n.<\/p><p>\u00a0<\/p><h5>Pol\u00edtica de enlaces<\/h5><p>El RESPONSABLE no se responsabiliza de contenidos de sitios web de terceros enlazados desde este sitio. Se compromete a retirar enlaces que contravengan la legislaci\u00f3n.<\/p><p>El RESPONSABLE no es responsable de contenidos publicados por terceros en el sitio web. Colabora activamente en la retirada de contenido ilegal o inapropiado.<\/p><p>El sitio web se revisa para garantizar su correcto funcionamiento, pero no se excluyen errores o circunstancias imprevistas.<\/p><p>Direcciones IP<br \/>Los servidores pueden detectar autom\u00e1ticamente la direcci\u00f3n IP del usuario para fines estad\u00edsticos. Esta informaci\u00f3n se utiliza de forma an\u00f3nima.<\/p><p>\u00a0<\/p><h5>LEY APLICABLE Y JURISDICCI\u00d3N<\/h5><p>Para resolver controversias relacionadas con el sitio web, se aplica la legislaci\u00f3n espa\u00f1ola. Las partes se someten a los Juzgados y Tribunales del domicilio del usuario o el lugar de cumplimiento de la obligaci\u00f3n.<\/p>\t\t\t\t\t\t\t\t<\/div>\n\t\t\t\t<\/div>\n\t\t\t\t<\/div>\n\t\t\t\t<\/div>\n\t\t","protected":false},"excerpt":{"rendered":"<p>LEY DE LOS SERVICIOS DE LA SOCIEDAD DE LA INFORMACI\u00d3N (LSSI) La entidad responsable de este sitio web, en adelante RESPONSABLE, pone a disposici\u00f3n de los usuarios el presente aviso legal con el objetivo de cumplir con las obligaciones establecidas en la Ley 34\/2002, de 11 de julio, de Servicios de la Sociedad de la [&hellip;]<\/p>\n","protected":false},"author":1,"featured_media":0,"parent":0,"menu_order":0,"comment_status":"closed","ping_status":"closed","template":"","meta":{"_monsterinsights_skip_tracking":false,"_monsterinsights_sitenote_active":false,"_monsterinsights_sitenote_note":"","_monsterinsights_sitenote_category":0,"footnotes":""},"class_list":["post-678","page","type-page","status-publish","hentry"],"jetpack_sharing_enabled":true,"_links":{"self":[{"href":"https:\/\/rosarioyoracion.com\/index.php?rest_route=\/wp\/v2\/pages\/678","targetHints":{"allow":["GET"]}}],"collection":[{"href":"https:\/\/rosarioyoracion.com\/index.php?rest_route=\/wp\/v2\/pages"}],"about":[{"href":"https:\/\/rosarioyoracion.com\/index.php?rest_route=\/wp\/v2\/types\/page"}],"author":[{"embeddable":true,"href":"https:\/\/rosarioyoracion.com\/index.php?rest_route=\/wp\/v2\/users\/1"}],"replies":[{"embeddable":true,"href":"https:\/\/rosarioyoracion.com\/index.php?rest_route=%2Fwp%2Fv2%2Fcomments&post=678"}],"version-history":[{"count":7,"href":"https:\/\/rosarioyoracion.com\/index.php?rest_route=\/wp\/v2\/pages\/678\/revisions"}],"predecessor-version":[{"id":950,"href":"https:\/\/rosarioyoracion.com\/index.php?rest_route=\/wp\/v2\/pages\/678\/revisions\/950"}],"wp:attachment":[{"href":"https:\/\/rosarioyoracion.com\/index.php?rest_route=%2Fwp%2Fv2%2Fmedia&parent=678"}],"curies":[{"name":"wp","href":"https:\/\/api.w.org\/{rel}","templated":true}]}}