{"id":686,"date":"2023-11-28T11:39:30","date_gmt":"2023-11-28T11:39:30","guid":{"rendered":"https:\/\/rosarioyoracion.com\/?page_id=686"},"modified":"2023-12-16T11:00:01","modified_gmt":"2023-12-16T11:00:01","slug":"politica-de-cookies","status":"publish","type":"page","link":"https:\/\/rosarioyoracion.com\/?page_id=686","title":{"rendered":"Pol\u00edtica de Cookies"},"content":{"rendered":"\t\t<div data-elementor-type=\"wp-page\" data-elementor-id=\"686\" class=\"elementor elementor-686\" data-elementor-post-type=\"page\">\n\t\t\t\t<div class=\"elementor-element elementor-element-d472dc2 e-flex e-con-boxed e-con e-parent\" data-id=\"d472dc2\" data-element_type=\"container\" data-e-type=\"container\">\n\t\t\t\t\t<div class=\"e-con-inner\">\n\t\t\t\t<div class=\"elementor-element elementor-element-4bfab8c elementor-widget elementor-widget-text-editor\" data-id=\"4bfab8c\" data-element_type=\"widget\" data-e-type=\"widget\" data-widget_type=\"text-editor.default\">\n\t\t\t\t<div class=\"elementor-widget-container\">\n\t\t\t\t\t\t\t\t\t<p><strong>1. INFORMACI\u00d3N SOBRE COOKIES<\/strong><\/p><p>Conforme con la Ley 34\/2002, de 11 de julio, de servicios de la sociedad de la informaci\u00f3n y de comercio electr\u00f3nico (LSSI), en relaci\u00f3n con el Reglamento (UE) 2016\/679 del Parlamento Europeo y del Consejo, de 27 de abril de 2016, General de Protecci\u00f3n de Datos (GDPR) y la Ley Org\u00e1nica 3\/2018, de 5 de diciembre, de Protecci\u00f3n de Datos y Garant\u00eda de los Derechos Digitales (LOPDGDD), es obligado obtener el consentimiento expreso del usuario de todas las p\u00e1ginas web que usan cookies prescindibles, antes de que este navegue por ellas.<\/p><p><strong>2. \u00bfQU\u00c9 SON LAS COOKIES?<\/strong><\/p><p>Las cookies y otras tecnolog\u00edas similares son herramientas empleadas por los servidores Web para almacenar y recuperar informaci\u00f3n acerca de sus visitantes, as\u00ed como para ofrecer un correcto funcionamiento del sitio. Estos dispositivos permiten al servidor Web recordar algunos datos concernientes al usuario, como sus preferencias, nombre y contrase\u00f1a, productos que m\u00e1s le interesan, etc.<\/p><p><strong>3. COOKIES AFECTADAS POR LA NORMATIVA Y COOKIES EXCEPTUADAS<\/strong><\/p><p>Seg\u00fan la directiva de la UE, las cookies que requieren el consentimiento informado por parte del usuario son las cookies de anal\u00edtica y las de publicidad y afiliaci\u00f3n, quedando exceptuadas las de car\u00e1cter t\u00e9cnico y las necesarias para el funcionamiento del sitio web.<\/p><p><strong>4. TIPOS DE COOKIES<\/strong><\/p><p><strong>SEG\u00daN LA FINALIDAD:<\/strong><br \/>&#8211; Cookies t\u00e9cnicas y funcionales: Permiten la navegaci\u00f3n y utilizaci\u00f3n de opciones o servicios en la p\u00e1gina.<br \/>&#8211; Cookies anal\u00edticas: Facilitan el seguimiento y an\u00e1lisis del comportamiento de los usuarios para mejorar el sitio.<br \/>&#8211; Cookies publicitarias: Gestionan eficazmente los espacios publicitarios en la p\u00e1gina.<\/p><p><strong>SEG\u00daN LA PROPIEDAD:<\/strong><br \/>&#8211; Cookies propias: Enviadas al equipo terminal del usuario desde el dominio del editor.<br \/>&#8211; *Cookies de terceros:* Enviadas desde un dominio no gestionado por el editor.<\/p><p>SEG\u00daN EL PLAZO DE CONSERVACI\u00d3N:<br \/>&#8211; Cookies de sesi\u00f3n: Recaban y almacenan datos durante la navegaci\u00f3n en una p\u00e1gina web.<br \/>&#8211; Cookies persistentes: Almacenan datos en el terminal durante un periodo definido por el responsable de la cookie.<\/p><p><strong>5. TRATAMIENTO DE DATOS PERSONALES<\/strong><\/p><p>El Responsable del tratamiento de los datos personales del Usuario es especificado en la secci\u00f3n de cookies utilizadas en este sitio web.<\/p><p><strong>6. PANEL DE CONFIGURACI\u00d3N DE COOKIES<\/strong><\/p><p>Desde este panel, el Usuario puede configurar las cookies que el sitio web puede instalar en su navegador, excepto las cookies t\u00e9cnicas o funcionales necesarias para la navegaci\u00f3n.<\/p><p><strong>7. C\u00d3MO GESTIONAR LAS COOKIES DESDE EL NAVEGADOR<\/strong><\/p><p>&#8211; Eliminar las cookies del dispositivo: Borrando el historial del navegador.<br \/>&#8211; Gestionar las cookies espec\u00edficas del sitio: Ajustando la configuraci\u00f3n de privacidad y cookies en el navegador.<br \/>&#8211; Bloquear las cookies: Configurando el navegador para evitar su instalaci\u00f3n.<\/p><p><strong>8. C\u00d3MO ELIMINAR LAS COOKIES DE LOS NAVEGADORES M\u00c1S COMUNES<\/strong><\/p><p>&#8211; Chrome: [Instrucciones](http:\/\/support.google.com\/chrome\/answer\/95647?hl=es)<br \/>&#8211; Edge: [Instrucciones](https:\/\/support.microsoft.com\/es-es\/microsoft-edge\/eliminar-las-cookies-en-microsoft-edge-63947406-40ac-c3b8-57b9-2a946a29ae09)<br \/>&#8211; Explorer: [Instrucciones](https:\/\/support.microsoft.com\/es-es\/help\/278835\/how-to-delete-cookie-files-in-internet-explorer)<br \/>&#8211; Firefox: [Instrucciones](https:\/\/www.mozilla.org\/es-ES\/privacy\/websites\/#cookies)<br \/>&#8211; Safari: [Instrucciones](https:\/\/support.apple.com\/es-es\/guide\/safari\/sfri11471\/mac)<br \/>&#8211; Opera: [Instrucciones](https:\/\/help.opera.com\/en\/latest\/security-and-privacy\/#clearBrowsingData)<\/p>\t\t\t\t\t\t\t\t<\/div>\n\t\t\t\t<\/div>\n\t\t\t\t\t<\/div>\n\t\t\t\t<\/div>\n\t\t\t\t<\/div>\n\t\t","protected":false},"excerpt":{"rendered":"<p>1. INFORMACI\u00d3N SOBRE COOKIES Conforme con la Ley 34\/2002, de 11 de julio, de servicios de la sociedad de la informaci\u00f3n y de comercio electr\u00f3nico (LSSI), en relaci\u00f3n con el Reglamento (UE) 2016\/679 del Parlamento Europeo y del Consejo, de 27 de abril de 2016, General de Protecci\u00f3n de Datos (GDPR) y la Ley Org\u00e1nica [&hellip;]<\/p>\n","protected":false},"author":1,"featured_media":0,"parent":0,"menu_order":0,"comment_status":"closed","ping_status":"closed","template":"","meta":{"_monsterinsights_skip_tracking":false,"_monsterinsights_sitenote_active":false,"_monsterinsights_sitenote_note":"","_monsterinsights_sitenote_category":0,"footnotes":""},"class_list":["post-686","page","type-page","status-publish","hentry"],"jetpack_sharing_enabled":true,"_links":{"self":[{"href":"https:\/\/rosarioyoracion.com\/index.php?rest_route=\/wp\/v2\/pages\/686","targetHints":{"allow":["GET"]}}],"collection":[{"href":"https:\/\/rosarioyoracion.com\/index.php?rest_route=\/wp\/v2\/pages"}],"about":[{"href":"https:\/\/rosarioyoracion.com\/index.php?rest_route=\/wp\/v2\/types\/page"}],"author":[{"embeddable":true,"href":"https:\/\/rosarioyoracion.com\/index.php?rest_route=\/wp\/v2\/users\/1"}],"replies":[{"embeddable":true,"href":"https:\/\/rosarioyoracion.com\/index.php?rest_route=%2Fwp%2Fv2%2Fcomments&post=686"}],"version-history":[{"count":4,"href":"https:\/\/rosarioyoracion.com\/index.php?rest_route=\/wp\/v2\/pages\/686\/revisions"}],"predecessor-version":[{"id":956,"href":"https:\/\/rosarioyoracion.com\/index.php?rest_route=\/wp\/v2\/pages\/686\/revisions\/956"}],"wp:attachment":[{"href":"https:\/\/rosarioyoracion.com\/index.php?rest_route=%2Fwp%2Fv2%2Fmedia&parent=686"}],"curies":[{"name":"wp","href":"https:\/\/api.w.org\/{rel}","templated":true}]}}