{"id":756,"date":"2023-07-07T08:43:46","date_gmt":"2023-07-07T08:43:46","guid":{"rendered":"https:\/\/rosarioyoracion.com\/?page_id=756"},"modified":"2024-07-23T18:37:30","modified_gmt":"2024-07-23T18:37:30","slug":"saludo-hermano-mayor","status":"publish","type":"page","link":"https:\/\/rosarioyoracion.com\/?page_id=756","title":{"rendered":"Saludo Hermano Mayor"},"content":{"rendered":"<p><img fetchpriority=\"high\" decoding=\"async\" class=\"size-medium wp-image-757 alignleft\" src=\"https:\/\/rosarioyoracion.com\/wp-content\/uploads\/2023\/11\/02-candidatura-rosario-alcala-de-guadaira_21129959_20230612113320-294x300.jpg\" alt=\"\" width=\"294\" height=\"300\" srcset=\"https:\/\/rosarioyoracion.com\/wp-content\/uploads\/2023\/11\/02-candidatura-rosario-alcala-de-guadaira_21129959_20230612113320-294x300.jpg 294w, https:\/\/rosarioyoracion.com\/wp-content\/uploads\/2023\/11\/02-candidatura-rosario-alcala-de-guadaira_21129959_20230612113320.jpg 475w\" sizes=\"(max-width: 294px) 100vw, 294px\" \/><\/p>\n<p>Estimados hermanos:<\/p>\n<p>Como Hermano Mayor, es un honor recibirte en la p\u00e1gina oficial de la Hermandad. A trav\u00e9s de esta renovada plataforma digital, buscamos fortalecer nuestro v\u00ednculo con ustedes, consolid\u00e1ndonos como el canal oficial de comunicaci\u00f3n de la Hermandad, en conjunto con nuestras redes sociales y boletines informativos.<\/p>\n<p>La creaci\u00f3n de esta p\u00e1gina, que ahora est\u00e1 a tu disposici\u00f3n, es el fruto de nuestro compromiso con la mejora y transparencia de la informaci\u00f3n, la eficiente gesti\u00f3n de los recursos de la Hermandad, as\u00ed como la promoci\u00f3n de la participaci\u00f3n y el servicio a nuestros hermanos. Adem\u00e1s, aspiramos a mostrar a los devotos el alma de nuestra corporaci\u00f3n, su rica historia, su valioso patrimonio y la esencia de nuestra cofrad\u00eda.<\/p>\n<p>&nbsp;<\/p>\n<p>Con esta web, tambi\u00e9n pretendemos facilitar a nuestros hermanos la comunicaci\u00f3n con las distintas \u00e1reas administrativas de la Hermandad, como la secretar\u00eda y mayordom\u00eda, con el prop\u00f3sito de hacer m\u00e1s accesible y c\u00f3moda la gesti\u00f3n de sus necesidades particulares con la Hermandad. No olvidamos que lo que realmente nos entusiasma es que participen activamente en la vida de la hermandad, incluyendo, por supuesto, la participaci\u00f3n en los cultos.<\/p>\n<p>En resumen, te doy la bienvenida a la nueva plataforma digital de la Hermandad del Rosario, dise\u00f1ada pensando en las necesidades de nuestros hermanos, y concebida por y para ustedes. Con esta iniciativa, aspiramos a satisfacer sus demandas e intereses, contribuyendo a la mejora de la gesti\u00f3n en esta era de las tecnolog\u00edas<\/p>\n<p>Saludos cordiales,<\/p>\n<p>Daniel Flores Mu\u00f1oz<br \/>\nHermano Mayor<\/p>\n","protected":false},"excerpt":{"rendered":"<p>Estimados hermanos: Como Hermano Mayor, es un honor recibirte en la p\u00e1gina oficial de la Hermandad. A trav\u00e9s de esta renovada plataforma digital, buscamos fortalecer nuestro v\u00ednculo con ustedes, consolid\u00e1ndonos como el canal oficial de comunicaci\u00f3n de la Hermandad, en conjunto con nuestras redes sociales y boletines informativos. La creaci\u00f3n de esta p\u00e1gina, que ahora [&hellip;]<\/p>\n","protected":false},"author":2,"featured_media":0,"parent":0,"menu_order":0,"comment_status":"closed","ping_status":"closed","template":"","meta":{"_monsterinsights_skip_tracking":false,"_monsterinsights_sitenote_active":false,"_monsterinsights_sitenote_note":"","_monsterinsights_sitenote_category":0,"footnotes":""},"class_list":["post-756","page","type-page","status-publish","hentry"],"jetpack_sharing_enabled":true,"_links":{"self":[{"href":"https:\/\/rosarioyoracion.com\/index.php?rest_route=\/wp\/v2\/pages\/756","targetHints":{"allow":["GET"]}}],"collection":[{"href":"https:\/\/rosarioyoracion.com\/index.php?rest_route=\/wp\/v2\/pages"}],"about":[{"href":"https:\/\/rosarioyoracion.com\/index.php?rest_route=\/wp\/v2\/types\/page"}],"author":[{"embeddable":true,"href":"https:\/\/rosarioyoracion.com\/index.php?rest_route=\/wp\/v2\/users\/2"}],"replies":[{"embeddable":true,"href":"https:\/\/rosarioyoracion.com\/index.php?rest_route=%2Fwp%2Fv2%2Fcomments&post=756"}],"version-history":[{"count":2,"href":"https:\/\/rosarioyoracion.com\/index.php?rest_route=\/wp\/v2\/pages\/756\/revisions"}],"predecessor-version":[{"id":1277,"href":"https:\/\/rosarioyoracion.com\/index.php?rest_route=\/wp\/v2\/pages\/756\/revisions\/1277"}],"wp:attachment":[{"href":"https:\/\/rosarioyoracion.com\/index.php?rest_route=%2Fwp%2Fv2%2Fmedia&parent=756"}],"curies":[{"name":"wp","href":"https:\/\/api.w.org\/{rel}","templated":true}]}}