{"id":759,"date":"2023-11-30T16:57:26","date_gmt":"2023-11-30T16:57:26","guid":{"rendered":"https:\/\/rosarioyoracion.com\/?page_id=759"},"modified":"2024-09-11T17:48:05","modified_gmt":"2024-09-11T17:48:05","slug":"pasos-de-ntro-padre-jesus-de-la-oracion","status":"publish","type":"page","link":"https:\/\/rosarioyoracion.com\/?page_id=759","title":{"rendered":"Paso de Ntro. Padre Jes\u00fas de la Oraci\u00f3n en el Huerto"},"content":{"rendered":"\t\t<div data-elementor-type=\"wp-page\" data-elementor-id=\"759\" class=\"elementor elementor-759\" data-elementor-post-type=\"page\">\n\t\t\t\t\t\t<section class=\"elementor-section elementor-top-section elementor-element elementor-element-umm1ent elementor-section-content-middle elementor-section-boxed elementor-section-height-default elementor-section-height-default\" data-id=\"umm1ent\" data-element_type=\"section\" data-e-type=\"section\" data-settings=\"{&quot;background_background&quot;:&quot;classic&quot;}\">\n\t\t\t\t\t\t\t<div class=\"elementor-background-overlay\"><\/div>\n\t\t\t\t\t\t\t<div class=\"elementor-container elementor-column-gap-no\">\n\t\t\t\t\t<div class=\"elementor-column elementor-col-50 elementor-top-column elementor-element elementor-element-47d11e6\" data-id=\"47d11e6\" data-element_type=\"column\" data-e-type=\"column\">\n\t\t\t<div class=\"elementor-widget-wrap elementor-element-populated\">\n\t\t\t\t\t\t<div class=\"elementor-element elementor-element-51240be elementor-widget elementor-widget-image\" data-id=\"51240be\" data-element_type=\"widget\" data-e-type=\"widget\" data-widget_type=\"image.default\">\n\t\t\t\t<div class=\"elementor-widget-container\">\n\t\t\t\t\t\t\t\t\t\t\t\t\t\t\t<img fetchpriority=\"high\" decoding=\"async\" width=\"1365\" height=\"2048\" src=\"https:\/\/rosarioyoracion.com\/wp-content\/uploads\/2024\/01\/DSC2858.jpg\" class=\"attachment-full size-full wp-image-1076\" alt=\"\" srcset=\"https:\/\/rosarioyoracion.com\/wp-content\/uploads\/2024\/01\/DSC2858.jpg 1365w, https:\/\/rosarioyoracion.com\/wp-content\/uploads\/2024\/01\/DSC2858-200x300.jpg 200w, https:\/\/rosarioyoracion.com\/wp-content\/uploads\/2024\/01\/DSC2858-683x1024.jpg 683w, https:\/\/rosarioyoracion.com\/wp-content\/uploads\/2024\/01\/DSC2858-768x1152.jpg 768w, https:\/\/rosarioyoracion.com\/wp-content\/uploads\/2024\/01\/DSC2858-1024x1536.jpg 1024w, https:\/\/rosarioyoracion.com\/wp-content\/uploads\/2024\/01\/DSC2858-1320x1980.jpg 1320w\" sizes=\"(max-width: 1365px) 100vw, 1365px\" \/>\t\t\t\t\t\t\t\t\t\t\t\t\t\t\t<\/div>\n\t\t\t\t<\/div>\n\t\t\t\t\t<\/div>\n\t\t<\/div>\n\t\t\t\t<div class=\"elementor-column elementor-col-50 elementor-top-column elementor-element elementor-element-e68dcfe\" data-id=\"e68dcfe\" data-element_type=\"column\" data-e-type=\"column\">\n\t\t\t<div class=\"elementor-widget-wrap elementor-element-populated\">\n\t\t\t\t\t\t<div class=\"elementor-element elementor-element-72da1a5 elementor-widget elementor-widget-text-editor\" data-id=\"72da1a5\" data-element_type=\"widget\" data-e-type=\"widget\" data-widget_type=\"text-editor.default\">\n\t\t\t\t<div class=\"elementor-widget-container\">\n\t\t\t\t\t\t\t\t\t<p>El paso de misterio es neobarroco, tallado en madera color caoba realizado en 1970 por Jos\u00e9 Mart\u00ednez Mart\u00ednez, ampli\u00e1ndose en 1988 por su disc\u00edpulo Manuel Dur\u00e1n Gonz\u00e1lez. Consta de canastilla, respiraderos y crester\u00eda, tallados representando formas vegetales de hojas volutas y ramas, y arquitect\u00f3nicas como molduras y frisos.<\/p>\n<p>Las carteras de la canastilla, policromadas y estofadas representan escenas evang\u00e9licas de los Misterios del Rosario, en consonancia con la advocaci\u00f3n de Nuestra Amant\u00edsima Titula. En la delantera figura una Alegor\u00eda de la Oraci\u00f3n en el Huerto, inspirada en la oraci\u00f3n del Se\u00f1or: \u00abPadre, pase de m\u00ed este c\u00e1liz\u00bb. Los Misterios Dolorosos se completan en las esquinas: Cronaci\u00f3n de espinas, Flagelaci\u00f3n, Jes\u00fas con la Cruz a cuestas y la Crucifixi\u00f3n.<\/p>\n<p><\/p>\n<p>En uno de los costeros figura el Nacimiento de Jes\u00fas, como ejemplo de los Misterios Gozosos y s\u00edmbolos de la naturaleza humana de Cristo. En el costero opuesto y en recuerdo de los Misterios Luminosos, aparece la Transfiguraci\u00f3n, simbolizando la naturaleza divina de Cristo, y por ser el Evangelio del II Domingo de Cuaresma, d\u00eda de nuestra Funci\u00f3n Principal. En la trasera los Misterios Gloriosos son representados por la Asunci\u00f3n y Coronaci\u00f3n de la Virgen, con alusiones a la Resurrecci\u00f3n y Pentecost\u00e9s.<\/p>\n<p>Se ilumina con candelabro de guarda brisas con coronita dorada (1988) y cera color tiniebla.<\/p>\n<p>Los de esquina tienen siete brazos y los laterales, cinco. Las garras de los candelabros y las terminaciones de los brazos fueron doradas por \u00c1ngel Feria<\/p>\n<p>En la delantera luce una reliquia de San Juan Bosco, santo salesiano titular de la Hermandad, dentro de un relicario de plata de ley (Hijo de Juan Fernandez. 2009).<\/p>\n<p>El llamador del paso representa volutas de hojas de acanto en metal dorado, y en su base del escudo de la Hermandad. (Villareal, 1979).<\/p>\n<p><\/p>\t\t\t\t\t\t\t\t<\/div>\n\t\t\t\t<\/div>\n\t\t\t\t\t<\/div>\n\t\t<\/div>\n\t\t\t\t\t<\/div>\n\t\t<\/section>\n\t\t<div class=\"elementor-element elementor-element-107a368b e-flex e-con-boxed e-con e-parent\" data-id=\"107a368b\" data-element_type=\"container\" data-e-type=\"container\">\n\t\t\t\t\t<div class=\"e-con-inner\">\n\t\t\t\t<div class=\"elementor-element elementor-element-0add64f elementor-widget elementor-widget-text-editor\" data-id=\"0add64f\" data-element_type=\"widget\" data-e-type=\"widget\" data-widget_type=\"text-editor.default\">\n\t\t\t\t<div class=\"elementor-widget-container\">\n\t\t\t\t\t\t\t\t\t<p>Lleva faldones en terciopelo rojo con broches y fald\u00f3n delantero bordado en oro con el escudo de la Hermandad, inspirados en la puerta de la Capilla del Carmen (Araujo, 2004)<\/p><p>El se\u00f1or lleva potencias en plata sobredorada (Ramos, 1992). Tiene forma de carteras en cada una de lo de las cuales se aloja una inicial JHS en pedrer\u00eda fina. Adornos vegetales rodean la cartela que es su parte superior muestra los relieves de un olivo y un c\u00e1liz, alusivos al misterio del paso. De este conjunto salen tres grupos de rayos plisados que sostienen dos \u00e1ngeles tunantes en bulto redondo.<\/p><p>El \u00e1ngel lleva un c\u00e1liz de plata de ley (Ramos, 1999) y una cruz de plata repujada (Hijo de Juan Fdez, 2006)<\/p>\t\t\t\t\t\t\t\t<\/div>\n\t\t\t\t<\/div>\n\t\t\t\t\t<\/div>\n\t\t\t\t<\/div>\n\t\t\t\t<section class=\"elementor-section elementor-top-section elementor-element elementor-element-hza5g5b elementor-section-content-middle elementor-section-boxed elementor-section-height-default elementor-section-height-default\" data-id=\"hza5g5b\" data-element_type=\"section\" data-e-type=\"section\" data-settings=\"{&quot;background_background&quot;:&quot;classic&quot;}\">\n\t\t\t\t\t\t\t<div class=\"elementor-background-overlay\"><\/div>\n\t\t\t\t\t\t\t<div class=\"elementor-container elementor-column-gap-no\">\n\t\t\t\t\t<div class=\"elementor-column elementor-col-33 elementor-top-column elementor-element elementor-element-00fe61f\" data-id=\"00fe61f\" data-element_type=\"column\" data-e-type=\"column\">\n\t\t\t<div class=\"elementor-widget-wrap elementor-element-populated\">\n\t\t\t\t\t\t<div class=\"elementor-element elementor-element-f0ae45e elementor-widget elementor-widget-image\" data-id=\"f0ae45e\" data-element_type=\"widget\" data-e-type=\"widget\" data-widget_type=\"image.default\">\n\t\t\t\t<div class=\"elementor-widget-container\">\n\t\t\t\t\t\t\t\t\t\t\t\t\t\t\t<img decoding=\"async\" width=\"430\" height=\"540\" src=\"https:\/\/rosarioyoracion.com\/wp-content\/uploads\/2023\/11\/Captura-de-Pantalla-2023-11-30-a-las-18.40.08.png\" class=\"attachment-large size-large wp-image-767\" alt=\"\" srcset=\"https:\/\/rosarioyoracion.com\/wp-content\/uploads\/2023\/11\/Captura-de-Pantalla-2023-11-30-a-las-18.40.08.png 430w, https:\/\/rosarioyoracion.com\/wp-content\/uploads\/2023\/11\/Captura-de-Pantalla-2023-11-30-a-las-18.40.08-239x300.png 239w\" sizes=\"(max-width: 430px) 100vw, 430px\" \/>\t\t\t\t\t\t\t\t\t\t\t\t\t\t\t<\/div>\n\t\t\t\t<\/div>\n\t\t\t\t\t<\/div>\n\t\t<\/div>\n\t\t\t\t<div class=\"elementor-column elementor-col-33 elementor-top-column elementor-element elementor-element-77f9305\" data-id=\"77f9305\" data-element_type=\"column\" data-e-type=\"column\">\n\t\t\t<div class=\"elementor-widget-wrap elementor-element-populated\">\n\t\t\t\t\t\t<div class=\"elementor-element elementor-element-4d5532e elementor-widget elementor-widget-image\" data-id=\"4d5532e\" data-element_type=\"widget\" data-e-type=\"widget\" data-widget_type=\"image.default\">\n\t\t\t\t<div class=\"elementor-widget-container\">\n\t\t\t\t\t\t\t\t\t\t\t\t\t\t\t<img decoding=\"async\" width=\"800\" height=\"509\" src=\"https:\/\/rosarioyoracion.com\/wp-content\/uploads\/2023\/11\/Captura-de-Pantalla-2023-11-30-a-las-19.58.55.png\" class=\"attachment-large size-large wp-image-769\" alt=\"\" srcset=\"https:\/\/rosarioyoracion.com\/wp-content\/uploads\/2023\/11\/Captura-de-Pantalla-2023-11-30-a-las-19.58.55.png 837w, https:\/\/rosarioyoracion.com\/wp-content\/uploads\/2023\/11\/Captura-de-Pantalla-2023-11-30-a-las-19.58.55-300x191.png 300w, https:\/\/rosarioyoracion.com\/wp-content\/uploads\/2023\/11\/Captura-de-Pantalla-2023-11-30-a-las-19.58.55-768x489.png 768w\" sizes=\"(max-width: 800px) 100vw, 800px\" \/>\t\t\t\t\t\t\t\t\t\t\t\t\t\t\t<\/div>\n\t\t\t\t<\/div>\n\t\t\t\t\t<\/div>\n\t\t<\/div>\n\t\t\t\t<div class=\"elementor-column elementor-col-33 elementor-top-column elementor-element elementor-element-92c59ca\" data-id=\"92c59ca\" data-element_type=\"column\" data-e-type=\"column\">\n\t\t\t<div class=\"elementor-widget-wrap elementor-element-populated\">\n\t\t\t\t\t\t<div class=\"elementor-element elementor-element-d3779df elementor-widget elementor-widget-image\" data-id=\"d3779df\" data-element_type=\"widget\" data-e-type=\"widget\" data-widget_type=\"image.default\">\n\t\t\t\t<div class=\"elementor-widget-container\">\n\t\t\t\t\t\t\t\t\t\t\t\t\t\t\t<img loading=\"lazy\" decoding=\"async\" width=\"432\" height=\"662\" src=\"https:\/\/rosarioyoracion.com\/wp-content\/uploads\/2023\/11\/Captura-de-Pantalla-2023-11-30-a-las-17.56.00.png\" class=\"attachment-large size-large wp-image-764\" alt=\"\" srcset=\"https:\/\/rosarioyoracion.com\/wp-content\/uploads\/2023\/11\/Captura-de-Pantalla-2023-11-30-a-las-17.56.00.png 432w, https:\/\/rosarioyoracion.com\/wp-content\/uploads\/2023\/11\/Captura-de-Pantalla-2023-11-30-a-las-17.56.00-196x300.png 196w\" sizes=\"(max-width: 432px) 100vw, 432px\" \/>\t\t\t\t\t\t\t\t\t\t\t\t\t\t\t<\/div>\n\t\t\t\t<\/div>\n\t\t\t\t\t<\/div>\n\t\t<\/div>\n\t\t\t\t\t<\/div>\n\t\t<\/section>\n\t\t\t\t<\/div>\n\t\t","protected":false},"excerpt":{"rendered":"<p>El paso de misterio es neobarroco, tallado en madera color caoba realizado en 1970 por Jos\u00e9 Mart\u00ednez Mart\u00ednez, ampli\u00e1ndose en 1988 por su disc\u00edpulo Manuel Dur\u00e1n Gonz\u00e1lez. Consta de canastilla, respiraderos y crester\u00eda, tallados representando formas vegetales de hojas volutas y ramas, y arquitect\u00f3nicas como molduras y frisos. Las carteras de la canastilla, policromadas y [&hellip;]<\/p>\n","protected":false},"author":2,"featured_media":0,"parent":0,"menu_order":0,"comment_status":"closed","ping_status":"closed","template":"","meta":{"_monsterinsights_skip_tracking":false,"_monsterinsights_sitenote_active":false,"_monsterinsights_sitenote_note":"","_monsterinsights_sitenote_category":0,"footnotes":""},"class_list":["post-759","page","type-page","status-publish","hentry"],"jetpack_sharing_enabled":true,"_links":{"self":[{"href":"https:\/\/rosarioyoracion.com\/index.php?rest_route=\/wp\/v2\/pages\/759","targetHints":{"allow":["GET"]}}],"collection":[{"href":"https:\/\/rosarioyoracion.com\/index.php?rest_route=\/wp\/v2\/pages"}],"about":[{"href":"https:\/\/rosarioyoracion.com\/index.php?rest_route=\/wp\/v2\/types\/page"}],"author":[{"embeddable":true,"href":"https:\/\/rosarioyoracion.com\/index.php?rest_route=\/wp\/v2\/users\/2"}],"replies":[{"embeddable":true,"href":"https:\/\/rosarioyoracion.com\/index.php?rest_route=%2Fwp%2Fv2%2Fcomments&post=759"}],"version-history":[{"count":20,"href":"https:\/\/rosarioyoracion.com\/index.php?rest_route=\/wp\/v2\/pages\/759\/revisions"}],"predecessor-version":[{"id":1283,"href":"https:\/\/rosarioyoracion.com\/index.php?rest_route=\/wp\/v2\/pages\/759\/revisions\/1283"}],"wp:attachment":[{"href":"https:\/\/rosarioyoracion.com\/index.php?rest_route=%2Fwp%2Fv2%2Fmedia&parent=759"}],"curies":[{"name":"wp","href":"https:\/\/api.w.org\/{rel}","templated":true}]}}