{"id":773,"date":"2023-11-30T19:12:22","date_gmt":"2023-11-30T19:12:22","guid":{"rendered":"https:\/\/rosarioyoracion.com\/?page_id=773"},"modified":"2024-09-11T17:46:17","modified_gmt":"2024-09-11T17:46:17","slug":"paso-de-maria-santisima-del-rosario","status":"publish","type":"page","link":"https:\/\/rosarioyoracion.com\/?page_id=773","title":{"rendered":"Paso de Mar\u00eda Sant\u00edsima del Rosario"},"content":{"rendered":"\t\t<div data-elementor-type=\"wp-page\" data-elementor-id=\"773\" class=\"elementor elementor-773\" data-elementor-post-type=\"page\">\n\t\t\t\t\t\t<section class=\"elementor-section elementor-top-section elementor-element elementor-element-wb8ew1c elementor-section-content-middle elementor-reverse-mobile elementor-section-boxed elementor-section-height-default elementor-section-height-default\" data-id=\"wb8ew1c\" data-element_type=\"section\" data-e-type=\"section\" data-settings=\"{&quot;background_background&quot;:&quot;classic&quot;}\">\n\t\t\t\t\t\t\t<div class=\"elementor-background-overlay\"><\/div>\n\t\t\t\t\t\t\t<div class=\"elementor-container elementor-column-gap-no\">\n\t\t\t\t\t<div class=\"elementor-column elementor-col-50 elementor-top-column elementor-element elementor-element-b0b74d8\" data-id=\"b0b74d8\" data-element_type=\"column\" data-e-type=\"column\">\n\t\t\t<div class=\"elementor-widget-wrap elementor-element-populated\">\n\t\t\t\t\t\t<div class=\"elementor-element elementor-element-327f367 elementor-widget elementor-widget-text-editor\" data-id=\"327f367\" data-element_type=\"widget\" data-e-type=\"widget\" data-widget_type=\"text-editor.default\">\n\t\t\t\t<div class=\"elementor-widget-container\">\n\t\t\t\t\t\t\t\t\t<p>El palio est\u00e1 realizado en malla de oro bordada en oro, con dise\u00f1o de Leopoldo Padilla en 1967. Las bambalinas fueron bordadas por Enriqueta Mart\u00edn Reina (Talleres Padilla), Agueda Verdugo (Talleres Elena Caro) y Fern\u00e1ndez y Enr\u00edquez.<\/p><p>En la bambalina delantera aparece el escudo de la Hermandad bordado en oro sobre hilo de plata (1967, restaurada y enriquecida en 1998), en la trasera aparece el anagrama mariano (1982, restaurada y enriquecida en 1999). Las bambalinas laterales fueron bordadas entre 1984 y 2000.<\/p><p>El techo de palio (2001) est\u00e1 realizado en malla de oro bordada por los talleres de Fern\u00e1ndez y Enr\u00edquez, apareciendo cuatro medallones con letan\u00edas: Auxilio de los Cristianos, Salud de los enfermos, Madre de la Iglesia y Estrella de la ma\u00f1ana. En la Gloria del techo del palio se representa la Entrega del Rosario a Santo Domingo de Guzm\u00e1n, bordada en oro y sedas de colores en relieve con carnes de marfil, siendo realizada por Fern\u00e1ndez y Enr\u00edquez (bordado) y Dolores Le\u00f3n (talla de marfil).<\/p>\t\t\t\t\t\t\t\t<\/div>\n\t\t\t\t<\/div>\n\t\t\t\t\t<\/div>\n\t\t<\/div>\n\t\t\t\t<div class=\"elementor-column elementor-col-50 elementor-top-column elementor-element elementor-element-51962fb\" data-id=\"51962fb\" data-element_type=\"column\" data-e-type=\"column\" data-settings=\"{&quot;background_background&quot;:&quot;classic&quot;}\">\n\t\t\t<div class=\"elementor-widget-wrap elementor-element-populated\">\n\t\t\t\t\t\t<div class=\"elementor-element elementor-element-6315460 elementor-widget elementor-widget-image\" data-id=\"6315460\" data-element_type=\"widget\" data-e-type=\"widget\" data-widget_type=\"image.default\">\n\t\t\t\t<div class=\"elementor-widget-container\">\n\t\t\t\t\t\t\t\t\t\t\t\t\t\t\t<img fetchpriority=\"high\" decoding=\"async\" width=\"1707\" height=\"2560\" src=\"https:\/\/rosarioyoracion.com\/wp-content\/uploads\/2024\/01\/2023_RRP7916-scaled.jpg\" class=\"attachment-full size-full wp-image-1085\" alt=\"\" srcset=\"https:\/\/rosarioyoracion.com\/wp-content\/uploads\/2024\/01\/2023_RRP7916-scaled.jpg 1707w, https:\/\/rosarioyoracion.com\/wp-content\/uploads\/2024\/01\/2023_RRP7916-200x300.jpg 200w, https:\/\/rosarioyoracion.com\/wp-content\/uploads\/2024\/01\/2023_RRP7916-683x1024.jpg 683w, https:\/\/rosarioyoracion.com\/wp-content\/uploads\/2024\/01\/2023_RRP7916-768x1152.jpg 768w, https:\/\/rosarioyoracion.com\/wp-content\/uploads\/2024\/01\/2023_RRP7916-1024x1536.jpg 1024w, https:\/\/rosarioyoracion.com\/wp-content\/uploads\/2024\/01\/2023_RRP7916-1365x2048.jpg 1365w, https:\/\/rosarioyoracion.com\/wp-content\/uploads\/2024\/01\/2023_RRP7916-1320x1980.jpg 1320w\" sizes=\"(max-width: 1707px) 100vw, 1707px\" \/>\t\t\t\t\t\t\t\t\t\t\t\t\t\t\t<\/div>\n\t\t\t\t<\/div>\n\t\t\t\t\t<\/div>\n\t\t<\/div>\n\t\t\t\t\t<\/div>\n\t\t<\/section>\n\t\t\t\t<\/div>\n\t\t","protected":false},"excerpt":{"rendered":"<p>El palio est\u00e1 realizado en malla de oro bordada en oro, con dise\u00f1o de Leopoldo Padilla en 1967. Las bambalinas fueron bordadas por Enriqueta Mart\u00edn Reina (Talleres Padilla), Agueda Verdugo (Talleres Elena Caro) y Fern\u00e1ndez y Enr\u00edquez. En la bambalina delantera aparece el escudo de la Hermandad bordado en oro sobre hilo de plata (1967, [&hellip;]<\/p>\n","protected":false},"author":2,"featured_media":0,"parent":0,"menu_order":0,"comment_status":"closed","ping_status":"closed","template":"","meta":{"_monsterinsights_skip_tracking":false,"_monsterinsights_sitenote_active":false,"_monsterinsights_sitenote_note":"","_monsterinsights_sitenote_category":0,"footnotes":""},"class_list":["post-773","page","type-page","status-publish","hentry"],"jetpack_sharing_enabled":true,"_links":{"self":[{"href":"https:\/\/rosarioyoracion.com\/index.php?rest_route=\/wp\/v2\/pages\/773","targetHints":{"allow":["GET"]}}],"collection":[{"href":"https:\/\/rosarioyoracion.com\/index.php?rest_route=\/wp\/v2\/pages"}],"about":[{"href":"https:\/\/rosarioyoracion.com\/index.php?rest_route=\/wp\/v2\/types\/page"}],"author":[{"embeddable":true,"href":"https:\/\/rosarioyoracion.com\/index.php?rest_route=\/wp\/v2\/users\/2"}],"replies":[{"embeddable":true,"href":"https:\/\/rosarioyoracion.com\/index.php?rest_route=%2Fwp%2Fv2%2Fcomments&post=773"}],"version-history":[{"count":8,"href":"https:\/\/rosarioyoracion.com\/index.php?rest_route=\/wp\/v2\/pages\/773\/revisions"}],"predecessor-version":[{"id":1280,"href":"https:\/\/rosarioyoracion.com\/index.php?rest_route=\/wp\/v2\/pages\/773\/revisions\/1280"}],"wp:attachment":[{"href":"https:\/\/rosarioyoracion.com\/index.php?rest_route=%2Fwp%2Fv2%2Fmedia&parent=773"}],"curies":[{"name":"wp","href":"https:\/\/api.w.org\/{rel}","templated":true}]}}