{"id":778,"date":"2023-12-01T13:37:14","date_gmt":"2023-12-01T13:37:14","guid":{"rendered":"https:\/\/rosarioyoracion.com\/?page_id=778"},"modified":"2023-12-08T07:22:21","modified_gmt":"2023-12-08T07:22:21","slug":"maria-santisima-del-rosario","status":"publish","type":"page","link":"https:\/\/rosarioyoracion.com\/?page_id=778","title":{"rendered":"Mar\u00eda Sant\u00edsima del Rosario"},"content":{"rendered":"\t\t<div data-elementor-type=\"wp-page\" data-elementor-id=\"778\" class=\"elementor elementor-778\" data-elementor-post-type=\"page\">\n\t\t\t\t<div class=\"elementor-element elementor-element-23dfa99 e-flex e-con-boxed e-con e-parent\" data-id=\"23dfa99\" data-element_type=\"container\" data-e-type=\"container\">\n\t\t\t\t\t<div class=\"e-con-inner\">\n\t\t\t\t<div class=\"elementor-element elementor-element-5bf102b elementor-widget elementor-widget-image\" data-id=\"5bf102b\" data-element_type=\"widget\" data-e-type=\"widget\" data-widget_type=\"image.default\">\n\t\t\t\t<div class=\"elementor-widget-container\">\n\t\t\t\t\t\t\t\t\t\t\t\t\t\t\t<img fetchpriority=\"high\" decoding=\"async\" width=\"800\" height=\"616\" src=\"https:\/\/rosarioyoracion.com\/wp-content\/uploads\/2023\/11\/slider2-1-1024x788.png\" class=\"attachment-large size-large wp-image-298\" alt=\"\" srcset=\"https:\/\/rosarioyoracion.com\/wp-content\/uploads\/2023\/11\/slider2-1-1024x788.png 1024w, https:\/\/rosarioyoracion.com\/wp-content\/uploads\/2023\/11\/slider2-1-300x231.png 300w, https:\/\/rosarioyoracion.com\/wp-content\/uploads\/2023\/11\/slider2-1-768x591.png 768w, https:\/\/rosarioyoracion.com\/wp-content\/uploads\/2023\/11\/slider2-1.png 1066w\" sizes=\"(max-width: 800px) 100vw, 800px\" \/>\t\t\t\t\t\t\t\t\t\t\t\t\t\t\t<\/div>\n\t\t\t\t<\/div>\n\t\t\t\t\t<\/div>\n\t\t\t\t<\/div>\n\t\t<div class=\"elementor-element elementor-element-aaa513a e-flex e-con-boxed e-con e-parent\" data-id=\"aaa513a\" data-element_type=\"container\" data-e-type=\"container\">\n\t\t\t\t\t<div class=\"e-con-inner\">\n\t\t\t\t<div class=\"elementor-element elementor-element-68a35b5 elementor-widget elementor-widget-text-editor\" data-id=\"68a35b5\" data-element_type=\"widget\" data-e-type=\"widget\" data-widget_type=\"text-editor.default\">\n\t\t\t\t<div class=\"elementor-widget-container\">\n\t\t\t\t\t\t\t\t\t<p>Representa a la Sant\u00edsima Virgen en actitud dolorosa, por el sufrimiento de la Pasi\u00f3n de Cristo. Es una imagen de candelero con el cuerpo inclinado hacia adelante, en actitud itinerante. Tiene su cabeza levemente inclinada hacia la derecha y la mirada baja. Tiene pesta\u00f1as postizas y ojos de cristal. En sus mejillas cinco l\u00e1grimas de cristal, tres en la derecha y dos en la izquierda. La boca se muestra entreabierta dejando ver los dientes tallados. Lleva extendidas las manos hacia adelante, con el pa\u00f1uelo en la derecha y el Santo Rosario de su advocaci\u00f3n en la izquierda.<\/p><p>La Virgen es talla de Jos\u00e9 Paz V\u00e9lez en 1965, realizada en madera de pino de flandes y haya blanca. Fue restaurada por Pedro E. Manzano Beltr\u00e1n en 2014.<\/p>\t\t\t\t\t\t\t\t<\/div>\n\t\t\t\t<\/div>\n\t\t\t\t\t<\/div>\n\t\t\t\t<\/div>\n\t\t\t\t<\/div>\n\t\t","protected":false},"excerpt":{"rendered":"<p>Representa a la Sant\u00edsima Virgen en actitud dolorosa, por el sufrimiento de la Pasi\u00f3n de Cristo. Es una imagen de candelero con el cuerpo inclinado hacia adelante, en actitud itinerante. Tiene su cabeza levemente inclinada hacia la derecha y la mirada baja. Tiene pesta\u00f1as postizas y ojos de cristal. En sus mejillas cinco l\u00e1grimas de [&hellip;]<\/p>\n","protected":false},"author":2,"featured_media":0,"parent":0,"menu_order":0,"comment_status":"closed","ping_status":"closed","template":"","meta":{"_monsterinsights_skip_tracking":false,"_monsterinsights_sitenote_active":false,"_monsterinsights_sitenote_note":"","_monsterinsights_sitenote_category":0,"footnotes":""},"class_list":["post-778","page","type-page","status-publish","hentry"],"jetpack_sharing_enabled":true,"_links":{"self":[{"href":"https:\/\/rosarioyoracion.com\/index.php?rest_route=\/wp\/v2\/pages\/778","targetHints":{"allow":["GET"]}}],"collection":[{"href":"https:\/\/rosarioyoracion.com\/index.php?rest_route=\/wp\/v2\/pages"}],"about":[{"href":"https:\/\/rosarioyoracion.com\/index.php?rest_route=\/wp\/v2\/types\/page"}],"author":[{"embeddable":true,"href":"https:\/\/rosarioyoracion.com\/index.php?rest_route=\/wp\/v2\/users\/2"}],"replies":[{"embeddable":true,"href":"https:\/\/rosarioyoracion.com\/index.php?rest_route=%2Fwp%2Fv2%2Fcomments&post=778"}],"version-history":[{"count":7,"href":"https:\/\/rosarioyoracion.com\/index.php?rest_route=\/wp\/v2\/pages\/778\/revisions"}],"predecessor-version":[{"id":939,"href":"https:\/\/rosarioyoracion.com\/index.php?rest_route=\/wp\/v2\/pages\/778\/revisions\/939"}],"wp:attachment":[{"href":"https:\/\/rosarioyoracion.com\/index.php?rest_route=%2Fwp%2Fv2%2Fmedia&parent=778"}],"curies":[{"name":"wp","href":"https:\/\/api.w.org\/{rel}","templated":true}]}}