{"id":801,"date":"2023-12-01T13:54:41","date_gmt":"2023-12-01T13:54:41","guid":{"rendered":"https:\/\/rosarioyoracion.com\/?page_id=801"},"modified":"2024-09-13T07:54:46","modified_gmt":"2024-09-13T07:54:46","slug":"mayordomia","status":"publish","type":"page","link":"https:\/\/rosarioyoracion.com\/?page_id=801","title":{"rendered":"Mayordom\u00eda"},"content":{"rendered":"\t\t<div data-elementor-type=\"wp-page\" data-elementor-id=\"801\" class=\"elementor elementor-801\" data-elementor-post-type=\"page\">\n\t\t\t\t<div class=\"elementor-element elementor-element-077a8c7 e-flex e-con-boxed e-con e-parent\" data-id=\"077a8c7\" data-element_type=\"container\" data-e-type=\"container\">\n\t\t\t\t\t<div class=\"e-con-inner\">\n\t\t\t\t<div class=\"elementor-element elementor-element-7175d58 elementor-widget elementor-widget-text-editor\" data-id=\"7175d58\" data-element_type=\"widget\" data-e-type=\"widget\" data-widget_type=\"text-editor.default\">\n\t\t\t\t<div class=\"elementor-widget-container\">\n\t\t\t\t\t\t\t\t\t<ul><li><span style=\"font-family: var( --e-global-typography-text-font-family ), Sans-serif; text-align: var(--text-align); font-size: 1rem;\"><img fetchpriority=\"high\" decoding=\"async\" class=\"wp-image-1076 alignright\" src=\"https:\/\/rosarioyoracion.com\/wp-content\/uploads\/2024\/01\/DSC2858.jpg\" alt=\"\" width=\"349\" height=\"524\" srcset=\"https:\/\/rosarioyoracion.com\/wp-content\/uploads\/2024\/01\/DSC2858.jpg 1365w, https:\/\/rosarioyoracion.com\/wp-content\/uploads\/2024\/01\/DSC2858-200x300.jpg 200w, https:\/\/rosarioyoracion.com\/wp-content\/uploads\/2024\/01\/DSC2858-683x1024.jpg 683w, https:\/\/rosarioyoracion.com\/wp-content\/uploads\/2024\/01\/DSC2858-768x1152.jpg 768w, https:\/\/rosarioyoracion.com\/wp-content\/uploads\/2024\/01\/DSC2858-1024x1536.jpg 1024w, https:\/\/rosarioyoracion.com\/wp-content\/uploads\/2024\/01\/DSC2858-1320x1980.jpg 1320w\" sizes=\"(max-width: 349px) 100vw, 349px\" \/>Seg\u00fan las reglas de nuestra Hermandad, las competencias de Mayordom\u00eda, entre otras,<\/span><\/li><\/ul><p>son las siguientes.\u00a0<\/p><ul><li>Administraci\u00f3n y control de todos los bienes, efectos y enseres de la<br \/>Hermandad, junto a la comisi\u00f3n econ\u00f3mica.<\/li><li>\u00a0Recaudaci\u00f3n de todos los ingresos, tanto de cuotas ordinarias como<br \/>extraordinarias, limosnas, donativos, as\u00ed como cualquier otro ingreso.<\/li><li>\u00a0Intervenir en todos los contratos que previamente haya acordado la Junta de<br \/>Gobierno, y formaliz\u00e1ndolos junto al Hermano Mayor.<\/li><li>Informar en Cabildos de Oficiales de la situaci\u00f3n contable de la Hermandad. As\u00ed<br \/>mismo, al t\u00e9rmino de cada ejercicio econ\u00f3mico, presentar\u00e1 en el Cabildo<br \/>General de Cuentas y Salida, el Balance de Situaci\u00f3n aprobado por el Cabildo de<br \/>Oficiales al terminar el ejercicio econ\u00f3mico de la hermandad, que comprender\u00e1<br \/>desde el d\u00eda 1 de enero al 31 de diciembre de cada a\u00f1o.<\/li><li>Elaborar la previsi\u00f3n de gastos e ingresos para cada ejercicio de la Hermandad.<\/li><li>Gestionar y actualizar el inventario de la Hermandad.<\/li><\/ul><div>\u00a0<\/div><p><strong>-CONSEJO DE ASUNTOS ECON\u00d3MICOS-<\/strong><\/p><p>&#8211; <strong>Hermano Mayor<\/strong>: D. Daniel Flores Mu\u00f1oz<br \/>&#8211; <strong>Mayordomo 1\u00ba<\/strong>: D. Pedro M. Mart\u00ednez Oliveros<br \/>&#8211; <strong>Fiscal<\/strong>: D\u00aa. Mar\u00eda del \u00c1guila S\u00e1nchez Mora<br \/>&#8211; <strong>Hermano sin cargo en Junta de Gobierno<\/strong>: D\u00aa. Antonia Mar\u00eda Dominguez<br \/>Palomo<\/p>\t\t\t\t\t\t\t\t<\/div>\n\t\t\t\t<\/div>\n\t\t\t\t\t<\/div>\n\t\t\t\t<\/div>\n\t\t<div class=\"elementor-element elementor-element-8fc1ca2 e-grid e-con-boxed e-con e-parent\" data-id=\"8fc1ca2\" data-element_type=\"container\" data-e-type=\"container\">\n\t\t\t\t\t<div class=\"e-con-inner\">\n\t\t\t\t<div class=\"elementor-element elementor-element-71376c7 elementor-widget elementor-widget-text-editor\" data-id=\"71376c7\" data-element_type=\"widget\" data-e-type=\"widget\" data-widget_type=\"text-editor.default\">\n\t\t\t\t<div class=\"elementor-widget-container\">\n\t\t\t\t\t\t\t\t\t<p><strong>-GESTI\u00d3N DE CUOTAS Y RECIBOS-<\/strong><\/p><p>Entre las principales obligaciones de los Hermanos de la Hermandad, est\u00e1 en contribuir econ\u00f3micamente a su sostenimiento diario con el abono de cuotas anuales, para atender a los gastos de administraci\u00f3n, mantenimiento de Enseres, Casa de Hermandad, Cultos y Caridad principalmente, entre otros muchos gastos.<\/p><p>El pago de estas cuotas es de obligado cumplimiento por parte de todos los Hermanos que componen la Hermandad, como recoge la Regla 31\u00aa.<br \/><strong>Rogamos a todos los Hermanos que se mantengan al d\u00eda en el pago de las cuotas<\/strong> <strong>anuales para el adecuado sostenimiento de la Hermandad<\/strong>.<br \/>Se pueden afrontar el pago de cuotas de las siguientes formas:<\/p><p>&#8211; Domiciliaci\u00f3n bancaria.<\/p><p>&#8211; NO SE DISPONE DE COBRADOR A DOMICILIO<\/p><p><span style=\"font-family: var( --e-global-typography-text-font-family ), Sans-serif; text-align: var(--text-align); font-size: 1rem;\">&#8211; Transferencia al n\u00famero de cuenta de la Hermandad, indicando la palabra \u201cCuota\u201d, el nombre del Hermano y el a\u00f1o.<\/span><\/p><p><strong>ES8500817428330001743685<\/strong><\/p><p>&#8211; Presencialmente en la Casa de Hermandad en horario de mayordom\u00eda.<\/p><p>Si alg\u00fan Hermano, por motivos de pobreza o por cualquier otro motivo no puede afrontar el pago de las cuotas, y desea seguir perteneciendo a la Hermandad,<br \/>rogamos se ponga en contacto con Mayordom\u00eda para regularizar su situaci\u00f3n<\/p>\t\t\t\t\t\t\t\t<\/div>\n\t\t\t\t<\/div>\n\t\t\t\t<div class=\"elementor-element elementor-element-296fd5f elementor-widget elementor-widget-text-editor\" data-id=\"296fd5f\" data-element_type=\"widget\" data-e-type=\"widget\" data-widget_type=\"text-editor.default\">\n\t\t\t\t<div class=\"elementor-widget-container\">\n\t\t\t\t\t\t\t\t\t<p style=\"caret-color: #000000; color: #000000;\"><strong>-DONATIVOS-<\/strong><\/p><p style=\"caret-color: #000000; color: #000000;\">La Hermandad se encuentra acogida desde hace varios a\u00f1os a la ley de mecenazgo 49\/2002, para deducirse fiscalmente las cuotas anuales y los donativos que se realicen a la Hermandad por parte de los Hermanos y devotos.<\/p><p style=\"caret-color: #000000; color: #000000;\">De este modo, si se realiza un donativo de hasta 250\u20ac\/a\u00f1o, se devolver\u00eda en la declaraci\u00f3n de la renta del siguiente a\u00f1o un 80% de ese importe.<br \/>Si el donativo supera los 250\u20ac\/a\u00f1o, se devolver\u00edan el 80% de esa primera cantidad, y del resto donado se devolver\u00eda un 40%.<br \/>Para ello, ser\u00e1 necesario aportar la copia del DNI del Hermano o devoto al email: mayordomia@rosarioyoracion.com<br \/>Pueden aportar sus donativos por transferencia bancaria o por Bizum al c\u00f3digo 02717<\/p><p style=\"caret-color: #000000; color: #000000;\">-CONTACTO-<\/p><p style=\"caret-color: #000000; color: #000000;\"><strong>E-mail<\/strong>: <a href=\"_wp_link_placeholder\" data-wplink-edit=\"true\">mayordomia@rosarioyoracion.com<\/a><br \/><strong>Whatsapp<\/strong>: 681 05 01 77<br \/><strong>Atenci\u00f3n al Hermano en Casa Hermandad<\/strong>: Lunes y mi\u00e9rcoles de 19:00 a 20:30H<br \/>(Horario sujeto a modificaci\u00f3n)<\/p><p style=\"caret-color: #000000; color: #000000;\">Cumplimentando el siguiente formulario de contacto:<\/p>\t\t\t\t\t\t\t\t<\/div>\n\t\t\t\t<\/div>\n\t\t\t\t\t<\/div>\n\t\t\t\t<\/div>\n\t\t<div class=\"elementor-element elementor-element-4e28c52 e-flex e-con-boxed e-con e-parent\" data-id=\"4e28c52\" data-element_type=\"container\" data-e-type=\"container\">\n\t\t\t\t\t<div class=\"e-con-inner\">\n\t\t\t\t<div class=\"elementor-element elementor-element-121fb02 elementor-button-align-stretch elementor-widget elementor-widget-form\" data-id=\"121fb02\" data-element_type=\"widget\" data-e-type=\"widget\" data-settings=\"{&quot;step_next_label&quot;:&quot;Next&quot;,&quot;step_previous_label&quot;:&quot;Previous&quot;,&quot;button_width&quot;:&quot;100&quot;,&quot;step_type&quot;:&quot;number_text&quot;,&quot;step_icon_shape&quot;:&quot;circle&quot;}\" data-widget_type=\"form.default\">\n\t\t\t\t<div class=\"elementor-widget-container\">\n\t\t\t\t\t\t\t<form class=\"elementor-form\" method=\"post\" name=\"New Form\" aria-label=\"New Form\">\n\t\t\t<input type=\"hidden\" name=\"post_id\" value=\"801\"\/>\n\t\t\t<input type=\"hidden\" name=\"form_id\" value=\"121fb02\"\/>\n\t\t\t<input type=\"hidden\" name=\"referer_title\" value=\"Mayordom\u00eda\" \/>\n\n\t\t\t\t\t\t\t<input type=\"hidden\" name=\"queried_id\" value=\"801\"\/>\n\t\t\t\n\t\t\t<div class=\"elementor-form-fields-wrapper elementor-labels-above\">\n\t\t\t\t\t\t\t\t<div class=\"elementor-field-type-text elementor-field-group elementor-column elementor-field-group-name elementor-col-100 elementor-field-required\">\n\t\t\t\t\t\t\t\t\t\t\t\t<label for=\"form-field-name\" class=\"elementor-field-label\">\n\t\t\t\t\t\t\t\tNombre\t\t\t\t\t\t\t<\/label>\n\t\t\t\t\t\t\t\t\t\t\t\t\t\t<input size=\"1\" type=\"text\" name=\"form_fields[name]\" id=\"form-field-name\" class=\"elementor-field elementor-size-sm  elementor-field-textual\" placeholder=\"Nombre\" required=\"required\">\n\t\t\t\t\t\t\t\t\t\t\t<\/div>\n\t\t\t\t\t\t\t\t<div class=\"elementor-field-type-email elementor-field-group elementor-column elementor-field-group-email elementor-col-100 elementor-field-required\">\n\t\t\t\t\t\t\t\t\t\t\t\t<label for=\"form-field-email\" class=\"elementor-field-label\">\n\t\t\t\t\t\t\t\tCorreo electr\u00f3nico\t\t\t\t\t\t\t<\/label>\n\t\t\t\t\t\t\t\t\t\t\t\t\t\t<input size=\"1\" type=\"email\" name=\"form_fields[email]\" id=\"form-field-email\" class=\"elementor-field elementor-size-sm  elementor-field-textual\" placeholder=\"Correo electr\u00f3nico\" required=\"required\">\n\t\t\t\t\t\t\t\t\t\t\t<\/div>\n\t\t\t\t\t\t\t\t<div class=\"elementor-field-type-textarea elementor-field-group elementor-column elementor-field-group-message elementor-col-100\">\n\t\t\t\t\t\t\t\t\t\t\t\t<label for=\"form-field-message\" class=\"elementor-field-label\">\n\t\t\t\t\t\t\t\tMensaje\t\t\t\t\t\t\t<\/label>\n\t\t\t\t\t\t<textarea class=\"elementor-field-textual elementor-field  elementor-size-sm\" name=\"form_fields[message]\" id=\"form-field-message\" rows=\"4\" placeholder=\"Mensaje\"><\/textarea>\t\t\t\t<\/div>\n\t\t\t\t\t\t\t\t<div class=\"elementor-field-group elementor-column elementor-field-type-submit elementor-col-100 e-form__buttons\">\n\t\t\t\t\t<button class=\"elementor-button elementor-size-sm\" type=\"submit\">\n\t\t\t\t\t\t<span class=\"elementor-button-content-wrapper\">\n\t\t\t\t\t\t\t\t\t\t\t\t\t\t\t\t\t\t\t\t\t\t<span class=\"elementor-button-text\">Enviar<\/span>\n\t\t\t\t\t\t\t\t\t\t\t\t\t<\/span>\n\t\t\t\t\t<\/button>\n\t\t\t\t<\/div>\n\t\t\t<\/div>\n\t\t<\/form>\n\t\t\t\t\t\t<\/div>\n\t\t\t\t<\/div>\n\t\t\t\t\t<\/div>\n\t\t\t\t<\/div>\n\t\t\t\t<\/div>\n\t\t","protected":false},"excerpt":{"rendered":"<p>Seg\u00fan las reglas de nuestra Hermandad, las competencias de Mayordom\u00eda, entre otras, son las siguientes.\u00a0 Administraci\u00f3n y control de todos los bienes, efectos y enseres de laHermandad, junto a la comisi\u00f3n econ\u00f3mica. \u00a0Recaudaci\u00f3n de todos los ingresos, tanto de cuotas ordinarias comoextraordinarias, limosnas, donativos, as\u00ed como cualquier otro ingreso. \u00a0Intervenir en todos los contratos que [&hellip;]<\/p>\n","protected":false},"author":2,"featured_media":0,"parent":0,"menu_order":0,"comment_status":"closed","ping_status":"closed","template":"","meta":{"_monsterinsights_skip_tracking":false,"_monsterinsights_sitenote_active":false,"_monsterinsights_sitenote_note":"","_monsterinsights_sitenote_category":0,"footnotes":""},"class_list":["post-801","page","type-page","status-publish","hentry"],"jetpack_sharing_enabled":true,"_links":{"self":[{"href":"https:\/\/rosarioyoracion.com\/index.php?rest_route=\/wp\/v2\/pages\/801","targetHints":{"allow":["GET"]}}],"collection":[{"href":"https:\/\/rosarioyoracion.com\/index.php?rest_route=\/wp\/v2\/pages"}],"about":[{"href":"https:\/\/rosarioyoracion.com\/index.php?rest_route=\/wp\/v2\/types\/page"}],"author":[{"embeddable":true,"href":"https:\/\/rosarioyoracion.com\/index.php?rest_route=\/wp\/v2\/users\/2"}],"replies":[{"embeddable":true,"href":"https:\/\/rosarioyoracion.com\/index.php?rest_route=%2Fwp%2Fv2%2Fcomments&post=801"}],"version-history":[{"count":28,"href":"https:\/\/rosarioyoracion.com\/index.php?rest_route=\/wp\/v2\/pages\/801\/revisions"}],"predecessor-version":[{"id":1317,"href":"https:\/\/rosarioyoracion.com\/index.php?rest_route=\/wp\/v2\/pages\/801\/revisions\/1317"}],"wp:attachment":[{"href":"https:\/\/rosarioyoracion.com\/index.php?rest_route=%2Fwp%2Fv2%2Fmedia&parent=801"}],"curies":[{"name":"wp","href":"https:\/\/api.w.org\/{rel}","templated":true}]}}