{"id":805,"date":"2023-12-01T13:55:12","date_gmt":"2023-12-01T13:55:12","guid":{"rendered":"https:\/\/rosarioyoracion.com\/?page_id=805"},"modified":"2025-02-09T22:56:40","modified_gmt":"2025-02-09T22:56:40","slug":"caridad","status":"publish","type":"page","link":"https:\/\/rosarioyoracion.com\/?page_id=805","title":{"rendered":"Caridad"},"content":{"rendered":"\t\t<div data-elementor-type=\"wp-page\" data-elementor-id=\"805\" class=\"elementor elementor-805\" data-elementor-post-type=\"page\">\n\t\t\t\t<div class=\"elementor-element elementor-element-10ad61e e-flex e-con-boxed e-con e-parent\" data-id=\"10ad61e\" data-element_type=\"container\" data-e-type=\"container\">\n\t\t\t\t\t<div class=\"e-con-inner\">\n\t\t<div class=\"elementor-element elementor-element-189d2aa e-con-full e-flex e-con e-child\" data-id=\"189d2aa\" data-element_type=\"container\" data-e-type=\"container\">\n\t\t\t\t<div class=\"elementor-element elementor-element-9636efc elementor-widget elementor-widget-image\" data-id=\"9636efc\" data-element_type=\"widget\" data-e-type=\"widget\" data-widget_type=\"image.default\">\n\t\t\t\t<div class=\"elementor-widget-container\">\n\t\t\t\t\t\t\t\t\t\t\t\t\t\t\t<img fetchpriority=\"high\" decoding=\"async\" width=\"683\" height=\"1024\" src=\"https:\/\/rosarioyoracion.com\/wp-content\/uploads\/2025\/02\/DSC0488-1-683x1024.jpg\" class=\"attachment-large size-large wp-image-1447\" alt=\"\" srcset=\"https:\/\/rosarioyoracion.com\/wp-content\/uploads\/2025\/02\/DSC0488-1-683x1024.jpg 683w, https:\/\/rosarioyoracion.com\/wp-content\/uploads\/2025\/02\/DSC0488-1-200x300.jpg 200w, https:\/\/rosarioyoracion.com\/wp-content\/uploads\/2025\/02\/DSC0488-1-768x1152.jpg 768w, https:\/\/rosarioyoracion.com\/wp-content\/uploads\/2025\/02\/DSC0488-1-1024x1536.jpg 1024w, https:\/\/rosarioyoracion.com\/wp-content\/uploads\/2025\/02\/DSC0488-1-1365x2048.jpg 1365w, https:\/\/rosarioyoracion.com\/wp-content\/uploads\/2025\/02\/DSC0488-1-1320x1980.jpg 1320w, https:\/\/rosarioyoracion.com\/wp-content\/uploads\/2025\/02\/DSC0488-1-scaled.jpg 1707w\" sizes=\"(max-width: 683px) 100vw, 683px\" \/>\t\t\t\t\t\t\t\t\t\t\t\t\t\t\t<\/div>\n\t\t\t\t<\/div>\n\t\t\t\t<\/div>\n\t\t<div class=\"elementor-element elementor-element-7deb398 e-con-full e-flex e-con e-child\" data-id=\"7deb398\" data-element_type=\"container\" data-e-type=\"container\">\n\t\t\t\t<div class=\"elementor-element elementor-element-a844d80 elementor-widget elementor-widget-text-editor\" data-id=\"a844d80\" data-element_type=\"widget\" data-e-type=\"widget\" data-widget_type=\"text-editor.default\">\n\t\t\t\t<div class=\"elementor-widget-container\">\n\t\t\t\t\t\t\t\t\t<p>Hablar de <strong>Caridad<\/strong> es hablar de una de las virtudes fundamentales del cristianismo, aquella que nos llama a amar al pr\u00f3jimo como Cristo nos am\u00f3. Es mucho m\u00e1s que un simple acto de ayuda; es un gesto profundo de amor, empat\u00eda y entrega que brota de nuestra fe y que encuentra su ra\u00edz en el Evangelio. Como Hermandad del Rosario, estamos llamados a ser un testimonio vivo de este amor, haciendo de la Caridad uno de los pilares esenciales de nuestra vida cristiana y corporativa.<\/p><p>En las Escrituras, Jes\u00fas nos deja un mandato claro: \u201c<strong>Amaos los unos a los otros como yo os he amado<\/strong>\u201d (Jn 13, 34). Este mandamiento nos recuerda que la Caridad no es opcional, sino el coraz\u00f3n mismo de nuestra fe. Inspirados por este principio, en nuestra Hermandad del Rosario intentamos vivir la Caridad con acciones concretas que transformen vidas y lleven consuelo a quienes m\u00e1s lo necesitan.<\/p><p>La Diputaci\u00f3n de Caridad de nuestra Hermandad tiene como misi\u00f3n fundamental ayudar a los m\u00e1s necesitados. A trav\u00e9s de distintas iniciativas, buscamos aliviar las dificultades de las familias m\u00e1s vulnerables de nuestra comunidad, fomentando la solidaridad y el compromiso cristiano.<\/p><p><strong>Proyecto \u00abDon Miguel Moreno\u00bb<\/strong><\/p><p>Nos complace anunciar el inicio del proyecto \u00abDon Miguel Moreno\u00bb, una iniciativa mediante la cual hemos llegado a un acuerdo con una academia de estudios para que ni\u00f1os que necesiten refuerzo escolar y provengan de familias atendidas por C\u00e1ritas puedan recibir este apoyo educativo. La Diputaci\u00f3n de Caridad de la Hermandad sufraga estos gastos con el objetivo de que estos menores tengan m\u00e1s oportunidades de \u00e9xito en su formaci\u00f3n acad\u00e9mica.<\/p>\t\t\t\t\t\t\t\t<\/div>\n\t\t\t\t<\/div>\n\t\t\t\t<\/div>\n\t\t\t\t\t<\/div>\n\t\t\t\t<\/div>\n\t\t<div class=\"elementor-element elementor-element-b30ca0f e-flex e-con-boxed e-con e-parent\" data-id=\"b30ca0f\" data-element_type=\"container\" data-e-type=\"container\">\n\t\t\t\t\t<div class=\"e-con-inner\">\n\t\t\t\t<div class=\"elementor-element elementor-element-6e238d4 elementor-widget elementor-widget-text-editor\" data-id=\"6e238d4\" data-element_type=\"widget\" data-e-type=\"widget\" data-widget_type=\"text-editor.default\">\n\t\t\t\t<div class=\"elementor-widget-container\">\n\t\t\t\t\t\t\t\t\t<p><strong>Nuestras Obras de Caridad<\/strong><\/p><p>Adem\u00e1s de este proyecto, nuestra Hermandad desarrolla diversas actividades de ayuda social, entre las que destacan:<br \/>\u2022\u2060 \u2060Apoyo a familias en situaci\u00f3n de vulnerabilidad: Proporcionamos ayuda a trav\u00e9s de C\u00e1ritas, colaborando en la distribuci\u00f3n de alimentos y bienes de primera necesidad, adem\u00e1s de atender solicitudes puntuales que nos realiza esta entidad para ayudar en el d\u00eda a d\u00eda de las familias atendidas.<br \/>\u2022\u2060 \u2060Asistencia a nuestros mayores y enfermos: Visitamos a hermanos y personas mayores que se encuentran solos o en situaci\u00f3n de necesidad que residen en la Residencia de la Milagrosa, atendidas por las Hijas de la Caridad,, ofreci\u00e9ndoles compa\u00f1\u00eda y apoyo.<br \/>\u2022\u2060 \u2060Colaboraci\u00f3n con otras entidades ben\u00e9ficas: Prestamos apoyo a organizaciones que trabajan con personas en situaci\u00f3n de exclusi\u00f3n social o que se vean afectadas por alguna necesidad.<br \/>\u2022\u2060 \u2060Atenci\u00f3n a emergencias sociales: En casos de necesidad urgente, la Hermandad act\u00faa r\u00e1pidamente para ofrecer ayuda inmediata a quienes lo necesitan.<\/p><p><strong>C\u00f3mo colaborar<\/strong><\/p><p>La Caridad es una labor de todos. Si deseas formar parte del grupo de colaboradores de la Diputaci\u00f3n de Caridad y participar en nuestras actividades, puedes ponerte en contacto con nosotros a trav\u00e9s del WhatsApp de la Hermandad: <strong>681 05 01 77<\/strong>.<\/p><p>Adem\u00e1s, si conoces a alguien que necesite ayuda o si t\u00fa mismo atraviesas una situaci\u00f3n dif\u00edcil, no dudes en comunic\u00e1rnoslo de manera discreta. Entre todos, podemos seguir construyendo una <strong>Hermandad<\/strong> solidaria y comprometida con los m\u00e1s necesitados.<\/p><p>Que Nuestra Madre del Rosario nos gu\u00ede en este camino de servicio y amor al pr\u00f3jimo.<\/p>\t\t\t\t\t\t\t\t<\/div>\n\t\t\t\t<\/div>\n\t\t\t\t\t<\/div>\n\t\t\t\t<\/div>\n\t\t<div class=\"elementor-element elementor-element-3485704 e-flex e-con-boxed e-con e-parent\" data-id=\"3485704\" data-element_type=\"container\" data-e-type=\"container\">\n\t\t\t\t\t<div class=\"e-con-inner\">\n\t\t\t\t<div class=\"elementor-element elementor-element-74d5625 elementor-widget elementor-widget-heading\" data-id=\"74d5625\" data-element_type=\"widget\" data-e-type=\"widget\" data-widget_type=\"heading.default\">\n\t\t\t\t<div class=\"elementor-widget-container\">\n\t\t\t\t\t<h2 class=\"elementor-heading-title elementor-size-default\">CONTACTO<\/h2>\t\t\t\t<\/div>\n\t\t\t\t<\/div>\n\t\t\t\t\t<\/div>\n\t\t\t\t<\/div>\n\t\t<div class=\"elementor-element elementor-element-bfc8c3c e-flex e-con-boxed e-con e-parent\" data-id=\"bfc8c3c\" data-element_type=\"container\" data-e-type=\"container\">\n\t\t\t\t\t<div class=\"e-con-inner\">\n\t\t<div class=\"elementor-element elementor-element-899072a e-con-full e-flex e-con e-child\" data-id=\"899072a\" data-element_type=\"container\" data-e-type=\"container\">\n\t\t\t\t<div class=\"elementor-element elementor-element-6fd284b elementor-widget elementor-widget-text-editor\" data-id=\"6fd284b\" data-element_type=\"widget\" data-e-type=\"widget\" data-widget_type=\"text-editor.default\">\n\t\t\t\t<div class=\"elementor-widget-container\">\n\t\t\t\t\t\t\t\t\t<h2>TEL\u00c9FONO<\/h2><h2><strong>681050177<\/strong><\/h2><h2><strong>CORREO ELECTR\u00d3NICO<\/strong><\/h2><h2>caridad@rosarioyoracion.com<\/h2>\t\t\t\t\t\t\t\t<\/div>\n\t\t\t\t<\/div>\n\t\t\t\t<div class=\"elementor-element elementor-element-c9e9e59 elementor-widget elementor-widget-image\" data-id=\"c9e9e59\" data-element_type=\"widget\" data-e-type=\"widget\" data-widget_type=\"image.default\">\n\t\t\t\t<div class=\"elementor-widget-container\">\n\t\t\t\t\t\t\t\t\t\t\t\t\t\t\t<img decoding=\"async\" width=\"800\" height=\"449\" src=\"https:\/\/rosarioyoracion.com\/wp-content\/uploads\/2025\/02\/BIZUM-1024x575.png\" class=\"attachment-large size-large wp-image-1457\" alt=\"\" srcset=\"https:\/\/rosarioyoracion.com\/wp-content\/uploads\/2025\/02\/BIZUM-1024x575.png 1024w, https:\/\/rosarioyoracion.com\/wp-content\/uploads\/2025\/02\/BIZUM-300x168.png 300w, https:\/\/rosarioyoracion.com\/wp-content\/uploads\/2025\/02\/BIZUM-768x431.png 768w, https:\/\/rosarioyoracion.com\/wp-content\/uploads\/2025\/02\/BIZUM-1536x862.png 1536w, https:\/\/rosarioyoracion.com\/wp-content\/uploads\/2025\/02\/BIZUM-1320x741.png 1320w, https:\/\/rosarioyoracion.com\/wp-content\/uploads\/2025\/02\/BIZUM.png 1973w\" sizes=\"(max-width: 800px) 100vw, 800px\" \/>\t\t\t\t\t\t\t\t\t\t\t\t\t\t\t<\/div>\n\t\t\t\t<\/div>\n\t\t\t\t<\/div>\n\t\t<div class=\"elementor-element elementor-element-cf5668c e-con-full e-flex e-con e-child\" data-id=\"cf5668c\" data-element_type=\"container\" data-e-type=\"container\">\n\t\t\t\t<div class=\"elementor-element elementor-element-b9f3cbe elementor-button-align-stretch elementor-widget elementor-widget-form\" data-id=\"b9f3cbe\" data-element_type=\"widget\" data-e-type=\"widget\" data-settings=\"{&quot;step_next_label&quot;:&quot;Next&quot;,&quot;step_previous_label&quot;:&quot;Previous&quot;,&quot;button_width&quot;:&quot;100&quot;,&quot;step_type&quot;:&quot;number_text&quot;,&quot;step_icon_shape&quot;:&quot;circle&quot;}\" data-widget_type=\"form.default\">\n\t\t\t\t<div class=\"elementor-widget-container\">\n\t\t\t\t\t\t\t<form class=\"elementor-form\" method=\"post\" name=\"New Form\" aria-label=\"New Form\">\n\t\t\t<input type=\"hidden\" name=\"post_id\" value=\"805\"\/>\n\t\t\t<input type=\"hidden\" name=\"form_id\" value=\"b9f3cbe\"\/>\n\t\t\t<input type=\"hidden\" name=\"referer_title\" value=\"Caridad\" \/>\n\n\t\t\t\t\t\t\t<input type=\"hidden\" name=\"queried_id\" value=\"805\"\/>\n\t\t\t\n\t\t\t<div class=\"elementor-form-fields-wrapper elementor-labels-above\">\n\t\t\t\t\t\t\t\t<div class=\"elementor-field-type-text elementor-field-group elementor-column elementor-field-group-name elementor-col-100\">\n\t\t\t\t\t\t\t\t\t\t\t\t<label for=\"form-field-name\" class=\"elementor-field-label\">\n\t\t\t\t\t\t\t\tNombre y Apellidos\t\t\t\t\t\t\t<\/label>\n\t\t\t\t\t\t\t\t\t\t\t\t\t\t<input size=\"1\" type=\"text\" name=\"form_fields[name]\" id=\"form-field-name\" class=\"elementor-field elementor-size-sm  elementor-field-textual\" placeholder=\"Nombre\">\n\t\t\t\t\t\t\t\t\t\t\t<\/div>\n\t\t\t\t\t\t\t\t<div class=\"elementor-field-type-email elementor-field-group elementor-column elementor-field-group-email elementor-col-100 elementor-field-required\">\n\t\t\t\t\t\t\t\t\t\t\t\t<label for=\"form-field-email\" class=\"elementor-field-label\">\n\t\t\t\t\t\t\t\tCorreo electr\u00f3nico\t\t\t\t\t\t\t<\/label>\n\t\t\t\t\t\t\t\t\t\t\t\t\t\t<input size=\"1\" type=\"email\" name=\"form_fields[email]\" id=\"form-field-email\" class=\"elementor-field elementor-size-sm  elementor-field-textual\" placeholder=\"Correo electr\u00f3nico\" required=\"required\">\n\t\t\t\t\t\t\t\t\t\t\t<\/div>\n\t\t\t\t\t\t\t\t<div class=\"elementor-field-type-text elementor-field-group elementor-column elementor-field-group-message elementor-col-100\">\n\t\t\t\t\t\t\t\t\t\t\t\t<label for=\"form-field-message\" class=\"elementor-field-label\">\n\t\t\t\t\t\t\t\tTel\u00e9fono\t\t\t\t\t\t\t<\/label>\n\t\t\t\t\t\t\t\t\t\t\t\t\t\t<input size=\"1\" type=\"text\" name=\"form_fields[message]\" id=\"form-field-message\" class=\"elementor-field elementor-size-sm  elementor-field-textual\" placeholder=\"Tel\u00e9fono\">\n\t\t\t\t\t\t\t\t\t\t\t<\/div>\n\t\t\t\t\t\t\t\t<div class=\"elementor-field-type-textarea elementor-field-group elementor-column elementor-field-group-field_902b6f0 elementor-col-100\">\n\t\t\t\t\t\t\t\t\t\t\t\t<label for=\"form-field-field_902b6f0\" class=\"elementor-field-label\">\n\t\t\t\t\t\t\t\tDescripci\u00f3n\t\t\t\t\t\t\t<\/label>\n\t\t\t\t\t\t<textarea class=\"elementor-field-textual elementor-field  elementor-size-sm\" name=\"form_fields[field_902b6f0]\" id=\"form-field-field_902b6f0\" rows=\"4\"><\/textarea>\t\t\t\t<\/div>\n\t\t\t\t\t\t\t\t<div class=\"elementor-field-group elementor-column elementor-field-type-submit elementor-col-100 e-form__buttons\">\n\t\t\t\t\t<button class=\"elementor-button elementor-size-sm\" type=\"submit\">\n\t\t\t\t\t\t<span class=\"elementor-button-content-wrapper\">\n\t\t\t\t\t\t\t\t\t\t\t\t\t\t\t\t\t\t\t\t\t\t<span class=\"elementor-button-text\">ENVIAR<\/span>\n\t\t\t\t\t\t\t\t\t\t\t\t\t<\/span>\n\t\t\t\t\t<\/button>\n\t\t\t\t<\/div>\n\t\t\t<\/div>\n\t\t<\/form>\n\t\t\t\t\t\t<\/div>\n\t\t\t\t<\/div>\n\t\t\t\t<\/div>\n\t\t\t\t\t<\/div>\n\t\t\t\t<\/div>\n\t\t\t\t<\/div>\n\t\t","protected":false},"excerpt":{"rendered":"<p>Hablar de Caridad es hablar de una de las virtudes fundamentales del cristianismo, aquella que nos llama a amar al pr\u00f3jimo como Cristo nos am\u00f3. Es mucho m\u00e1s que un simple acto de ayuda; es un gesto profundo de amor, empat\u00eda y entrega que brota de nuestra fe y que encuentra su ra\u00edz en el [&hellip;]<\/p>\n","protected":false},"author":2,"featured_media":0,"parent":0,"menu_order":0,"comment_status":"closed","ping_status":"closed","template":"","meta":{"_monsterinsights_skip_tracking":false,"_monsterinsights_sitenote_active":false,"_monsterinsights_sitenote_note":"","_monsterinsights_sitenote_category":0,"footnotes":""},"class_list":["post-805","page","type-page","status-publish","hentry"],"jetpack_sharing_enabled":true,"_links":{"self":[{"href":"https:\/\/rosarioyoracion.com\/index.php?rest_route=\/wp\/v2\/pages\/805","targetHints":{"allow":["GET"]}}],"collection":[{"href":"https:\/\/rosarioyoracion.com\/index.php?rest_route=\/wp\/v2\/pages"}],"about":[{"href":"https:\/\/rosarioyoracion.com\/index.php?rest_route=\/wp\/v2\/types\/page"}],"author":[{"embeddable":true,"href":"https:\/\/rosarioyoracion.com\/index.php?rest_route=\/wp\/v2\/users\/2"}],"replies":[{"embeddable":true,"href":"https:\/\/rosarioyoracion.com\/index.php?rest_route=%2Fwp%2Fv2%2Fcomments&post=805"}],"version-history":[{"count":16,"href":"https:\/\/rosarioyoracion.com\/index.php?rest_route=\/wp\/v2\/pages\/805\/revisions"}],"predecessor-version":[{"id":1463,"href":"https:\/\/rosarioyoracion.com\/index.php?rest_route=\/wp\/v2\/pages\/805\/revisions\/1463"}],"wp:attachment":[{"href":"https:\/\/rosarioyoracion.com\/index.php?rest_route=%2Fwp%2Fv2%2Fmedia&parent=805"}],"curies":[{"name":"wp","href":"https:\/\/api.w.org\/{rel}","templated":true}]}}