{"id":860,"date":"2023-12-04T08:51:53","date_gmt":"2023-12-04T08:51:53","guid":{"rendered":"https:\/\/rosarioyoracion.com\/?page_id=860"},"modified":"2023-12-04T08:54:32","modified_gmt":"2023-12-04T08:54:32","slug":"whatsapp-lista-de-difusion","status":"publish","type":"page","link":"https:\/\/rosarioyoracion.com\/?page_id=860","title":{"rendered":"WhatsApp &#8211; Lista de difusi\u00f3n"},"content":{"rendered":"\t\t<div data-elementor-type=\"wp-page\" data-elementor-id=\"860\" class=\"elementor elementor-860\" data-elementor-post-type=\"page\">\n\t\t\t\t<div class=\"elementor-element elementor-element-9abc26 e-flex e-con-boxed e-con e-parent\" data-id=\"9abc26\" data-element_type=\"container\" data-e-type=\"container\">\n\t\t\t\t\t<div class=\"e-con-inner\">\n\t\t\t\t<div class=\"elementor-element elementor-element-5bc3778 elementor-widget elementor-widget-text-editor\" data-id=\"5bc3778\" data-element_type=\"widget\" data-e-type=\"widget\" data-widget_type=\"text-editor.default\">\n\t\t\t\t<div class=\"elementor-widget-container\">\n\t\t\t\t\t\t\t\t\t<div class=\"elementor-element elementor-element-425d5be elementor-widget elementor-widget-heading\" data-id=\"425d5be\" data-element_type=\"widget\" data-widget_type=\"heading.default\"><div class=\"elementor-widget-container\" style=\"text-align: justify;\"><span style=\"color: #000000;\"><span style=\"font-size: 16px;\">Queremos mejorar la comunicaci\u00f3n con todos los hermanos en nuestra hermandad, por ello hace ya alg\u00fan tiempo que hemos puesto en funcionamiento un servicio de difusi\u00f3n mediante la aplicaci\u00f3n <\/span><strong style=\"font-size: 16px;\">WhatsApp<\/strong><span style=\"font-size: 16px;\">, en la que desear\u00edamos contar con el mayor n\u00famero de vosotros.<\/span><\/span><\/div><div style=\"text-align: justify;\">\u00a0<\/div><\/div><div class=\"elementor-element elementor-element-78cda28 elementor-widget elementor-widget-text-editor\" data-id=\"78cda28\" data-element_type=\"widget\" data-widget_type=\"text-editor.default\"><div class=\"elementor-widget-container\" style=\"text-align: justify;\"><span style=\"color: #000000;\">Si a\u00fan no perteneces a ella, para que puedas formar parte, deber\u00e1s agregar a tu agenda de contactos el n\u00famero del m\u00f3vil de la hermandad que es <strong>681050177,<\/strong>\u00a0y a continuaci\u00f3n enviar un mensaje de WhatsApp, indicando\u00a0<strong>ALTA<\/strong>\u00a0y tu nombre y apellidos<strong>.\u00a0<\/strong>Se proceder\u00e1 a tu suscripci\u00f3n y desde ese momento comenzar\u00e1s a recibir informaci\u00f3n puntual de nuestra hermandad. <\/span><span style=\"color: #000000;\">Para anular la suscripci\u00f3n de la lista de difusi\u00f3n s\u00f3lo tienes que indic\u00e1rnoslo enviando un mensaje con la palabra\u00a0<strong>BAJA<\/strong> al mismo n\u00famero.\u00a0<\/span><span style=\"color: #000000;\">Os animamos a seguir utilizando las distintas redes sociales de nuestra hermandad que encontrar\u00e9is en el lado derecho de la barra de men\u00fa.<\/span><\/div><\/div>\t\t\t\t\t\t\t\t<\/div>\n\t\t\t\t<\/div>\n\t\t\t\t\t<\/div>\n\t\t\t\t<\/div>\n\t\t\t\t<\/div>\n\t\t","protected":false},"excerpt":{"rendered":"<p>Queremos mejorar la comunicaci\u00f3n con todos los hermanos en nuestra hermandad, por ello hace ya alg\u00fan tiempo que hemos puesto en funcionamiento un servicio de difusi\u00f3n mediante la aplicaci\u00f3n WhatsApp, en la que desear\u00edamos contar con el mayor n\u00famero de vosotros.\u00a0Si a\u00fan no perteneces a ella, para que puedas formar parte, deber\u00e1s agregar a tu [&hellip;]<\/p>\n","protected":false},"author":1,"featured_media":0,"parent":0,"menu_order":0,"comment_status":"closed","ping_status":"closed","template":"","meta":{"_monsterinsights_skip_tracking":false,"_monsterinsights_sitenote_active":false,"_monsterinsights_sitenote_note":"","_monsterinsights_sitenote_category":0,"footnotes":""},"class_list":["post-860","page","type-page","status-publish","hentry"],"jetpack_sharing_enabled":true,"_links":{"self":[{"href":"https:\/\/rosarioyoracion.com\/index.php?rest_route=\/wp\/v2\/pages\/860","targetHints":{"allow":["GET"]}}],"collection":[{"href":"https:\/\/rosarioyoracion.com\/index.php?rest_route=\/wp\/v2\/pages"}],"about":[{"href":"https:\/\/rosarioyoracion.com\/index.php?rest_route=\/wp\/v2\/types\/page"}],"author":[{"embeddable":true,"href":"https:\/\/rosarioyoracion.com\/index.php?rest_route=\/wp\/v2\/users\/1"}],"replies":[{"embeddable":true,"href":"https:\/\/rosarioyoracion.com\/index.php?rest_route=%2Fwp%2Fv2%2Fcomments&post=860"}],"version-history":[{"count":6,"href":"https:\/\/rosarioyoracion.com\/index.php?rest_route=\/wp\/v2\/pages\/860\/revisions"}],"predecessor-version":[{"id":866,"href":"https:\/\/rosarioyoracion.com\/index.php?rest_route=\/wp\/v2\/pages\/860\/revisions\/866"}],"wp:attachment":[{"href":"https:\/\/rosarioyoracion.com\/index.php?rest_route=%2Fwp%2Fv2%2Fmedia&parent=860"}],"curies":[{"name":"wp","href":"https:\/\/api.w.org\/{rel}","templated":true}]}}